{"id":150,"date":"2023-03-28T04:19:39","date_gmt":"2023-03-28T04:19:39","guid":{"rendered":"https:\/\/cozystay.loftocean.com\/apartment\/?page_id=150"},"modified":"2025-11-03T09:42:04","modified_gmt":"2025-11-03T09:42:04","slug":"home","status":"publish","type":"page","link":"https:\/\/mrivedroite.com\/en\/","title":{"rendered":"Home"},"content":{"rendered":"<div data-elementor-type=\"wp-page\" data-elementor-id=\"150\" class=\"elementor elementor-150\" data-elementor-post-type=\"page\">\n\t\t\t\t\t\t<section class=\"elementor-section elementor-top-section elementor-element elementor-element-1850564f elementor-section-height-min-height cs-section-content-fullwidth cs_scroll_y_120 cs-parallax-on-scroll elementor-section-boxed elementor-section-height-default elementor-section-items-middle\" data-id=\"1850564f\" data-element_type=\"section\" data-e-type=\"section\" data-settings=\"{&quot;background_background&quot;:&quot;classic&quot;}\" data-cs-parallax-y=\"120\" style=\"background-image: none;\" data-cs-background-image=\"https:\/\/mrivedroite.com\/wp-content\/uploads\/2025\/10\/bg1.png\">\n\t\t\t\t\t\t\t<div class=\"elementor-background-overlay\"><\/div>\n\t\t\t\t\t\t\t<div class=\"elementor-container elementor-column-gap-no\">\n\t\t\t\t\t<div class=\"elementor-column elementor-col-100 elementor-top-column elementor-element elementor-element-3e4d3e40 dark-color\" data-id=\"3e4d3e40\" data-element_type=\"column\" data-e-type=\"column\">\n\t\t\t<div class=\"elementor-widget-wrap elementor-element-populated\">\n\t\t\t\t\t\t<div class=\"elementor-element elementor-element-c0c2de1 elementor-widget elementor-widget-cs_title\" data-id=\"c0c2de1\" data-element_type=\"widget\" data-e-type=\"widget\" data-widget_type=\"cs_title.default\">\n\t\t\t\t<div class=\"elementor-widget-container\">\n\t\t\t\t\t\n        <div class=\"cs-title-wrap text-center\">\t            <h1 class=\"cs-title\">\n\t                \nWelcome to <br>Maison Rive Droite\t            <\/h1>        <\/div>\t\t\t\t<\/div>\n\t\t\t\t<\/div>\n\t\t\t\t\t<\/div>\n\t\t<\/div>\n\t\t\t\t\t<\/div>\n\t\t<\/section>\n\t\t\t\t<section class=\"elementor-section elementor-top-section elementor-element elementor-element-216ad879 cs-section-content-fullwidth elementor-section-content-middle elementor-section-boxed elementor-section-height-default elementor-section-height-default\" data-id=\"216ad879\" data-element_type=\"section\" data-e-type=\"section\" data-settings=\"{&quot;background_background&quot;:&quot;classic&quot;}\">\n\t\t\t\t\t\t<div class=\"elementor-container elementor-column-gap-no\">\n\t\t\t\t\t<div class=\"elementor-column elementor-col-50 elementor-top-column elementor-element elementor-element-e0d411b\" data-id=\"e0d411b\" data-element_type=\"column\" data-e-type=\"column\" data-settings=\"{&quot;background_background&quot;:&quot;classic&quot;}\">\n\t\t\t<div class=\"elementor-widget-wrap elementor-element-populated\">\n\t\t\t\t\t\t<div class=\"elementor-element elementor-element-bc23a18 elementor-widget elementor-widget-image\" data-id=\"bc23a18\" data-element_type=\"widget\" data-e-type=\"widget\" data-widget_type=\"image.default\">\n\t\t\t\t<div class=\"elementor-widget-container\">\n\t\t\t\t\t\t\t\t\t\t\t\t\t\t\t<img fetchpriority=\"high\" decoding=\"async\" width=\"1024\" height=\"768\" src=\"https:\/\/mrivedroite.com\/wp-content\/uploads\/2025\/06\/WhatsApp-Image-2025-06-26-a-14.35.03_3f9dda60.jpg\" class=\"attachment-large size-large wp-image-2596\" alt=\"\" srcset=\"https:\/\/mrivedroite.com\/wp-content\/uploads\/2025\/06\/WhatsApp-Image-2025-06-26-a-14.35.03_3f9dda60.jpg 1024w, https:\/\/mrivedroite.com\/wp-content\/uploads\/2025\/06\/WhatsApp-Image-2025-06-26-a-14.35.03_3f9dda60-300x225.jpg 300w, https:\/\/mrivedroite.com\/wp-content\/uploads\/2025\/06\/WhatsApp-Image-2025-06-26-a-14.35.03_3f9dda60-768x576.jpg 768w, https:\/\/mrivedroite.com\/wp-content\/uploads\/2025\/06\/WhatsApp-Image-2025-06-26-a-14.35.03_3f9dda60-780x585.jpg 780w, https:\/\/mrivedroite.com\/wp-content\/uploads\/2025\/06\/WhatsApp-Image-2025-06-26-a-14.35.03_3f9dda60-600x450.jpg 600w, https:\/\/mrivedroite.com\/wp-content\/uploads\/2025\/06\/WhatsApp-Image-2025-06-26-a-14.35.03_3f9dda60-550x413.jpg 550w, https:\/\/mrivedroite.com\/wp-content\/uploads\/2025\/06\/WhatsApp-Image-2025-06-26-a-14.35.03_3f9dda60-370x278.jpg 370w, https:\/\/mrivedroite.com\/wp-content\/uploads\/2025\/06\/WhatsApp-Image-2025-06-26-a-14.35.03_3f9dda60-255x191.jpg 255w\" sizes=\"(max-width: 1024px) 100vw, 1024px\" \/>\t\t\t\t\t\t\t\t\t\t\t\t\t\t\t<\/div>\n\t\t\t\t<\/div>\n\t\t\t\t\t<\/div>\n\t\t<\/div>\n\t\t\t\t<div class=\"elementor-column elementor-col-50 elementor-top-column elementor-element elementor-element-2caae607\" data-id=\"2caae607\" data-element_type=\"column\" data-e-type=\"column\">\n\t\t\t<div class=\"elementor-widget-wrap elementor-element-populated\">\n\t\t\t\t\t\t<div class=\"elementor-element elementor-element-2cc7cb23 elementor-widget elementor-widget-cs_title\" data-id=\"2cc7cb23\" data-element_type=\"widget\" data-e-type=\"widget\" data-widget_type=\"cs_title.default\">\n\t\t\t\t<div class=\"elementor-widget-container\">\n\t\t\t\t\t\n        <div class=\"cs-title-wrap\">\t            <h3 class=\"cs-title color-primary\">\n\t                Where calm becomes luxury\t            <\/h3>\t            <div class=\"cs-title-text\">\n\t                <p><span data-olk-copy-source=\"MessageBody\">Just 15 kilometers from Marrakech, facing the majestic peaks of the Atlas Mountains, lies an exclusive retreat where nature meets elegance. Here, calm and harmony are not just a setting, but a true lifestyle experience. More than a stay, we offer a moment suspended in time, where every detail is designed for the well-being of our guests: an all-inclusive concept that takes care of everything, right down to their happiness. Between mountains and nature, refinement and serenity, this exceptional haven invites each guest to reconnect, recharge, and savor the present moment.<\/span><\/p>\t            <\/div>        <\/div>\t\t\t\t<\/div>\n\t\t\t\t<\/div>\n\t\t\t\t\t<\/div>\n\t\t<\/div>\n\t\t\t\t\t<\/div>\n\t\t<\/section>\n\t\t\t\t<section class=\"elementor-section elementor-top-section elementor-element elementor-element-44e2fce cs-section-content-fullwidth elementor-section-boxed elementor-section-height-default elementor-section-height-default\" data-id=\"44e2fce\" data-element_type=\"section\" data-e-type=\"section\" data-settings=\"{&quot;background_background&quot;:&quot;classic&quot;}\">\n\t\t\t\t\t\t<div class=\"elementor-container elementor-column-gap-no\">\n\t\t\t\t\t<div class=\"elementor-column elementor-col-50 elementor-top-column elementor-element elementor-element-afdf702\" data-id=\"afdf702\" data-element_type=\"column\" data-e-type=\"column\">\n\t\t\t<div class=\"elementor-widget-wrap elementor-element-populated\">\n\t\t\t\t\t\t<div class=\"elementor-element elementor-element-8a30a81 elementor-widget elementor-widget-cs_title\" data-id=\"8a30a81\" data-element_type=\"widget\" data-e-type=\"widget\" data-widget_type=\"cs_title.default\">\n\t\t\t\t<div class=\"elementor-widget-container\">\n\t\t\t\t\t\n        <div class=\"cs-title-wrap\">\t            <h3 class=\"cs-title\">\n\t                THE SPIRIT OF THE SUITES\n\t            <\/h3>\t            <div class=\"cs-title-text\">\n\t                <p><span data-olk-copy-source=\"MessageBody\">Spacious and filled with natural light, our 15 suites combine comfort with understated elegance. Their refined architecture ensures privacy and serenity, with no direct overlook, while offering unobstructed views of the Atlas Mountains. Each space has been designed to preserve calm and reflect a subtle sense of luxury, where simplicity enriches the mind and soothes the soul. <\/span><\/p>\t            <\/div>                <div class=\"cs-title-btn\">\n                    <a class=\"button elementor-button-link cs-btn-color-white cs-btn-outline cs-btn-small\" role=\"button\" href=\"\/en\/suites\/\">\n                        <span class=\"cs-btn-text\">Discover<\/span>                    <\/a>\n                <\/div>\n                    <\/div>\t\t\t\t<\/div>\n\t\t\t\t<\/div>\n\t\t\t\t\t<\/div>\n\t\t<\/div>\n\t\t\t\t<div class=\"elementor-column elementor-col-50 elementor-top-column elementor-element elementor-element-6e967e3\" data-id=\"6e967e3\" data-element_type=\"column\" data-e-type=\"column\">\n\t\t\t<div class=\"elementor-widget-wrap elementor-element-populated\">\n\t\t\t\t\t\t<div class=\"elementor-element elementor-element-b05ec66 elementor-widget elementor-widget-image\" data-id=\"b05ec66\" data-element_type=\"widget\" data-e-type=\"widget\" data-widget_type=\"image.default\">\n\t\t\t\t<div class=\"elementor-widget-container\">\n\t\t\t\t\t\t\t\t\t\t\t\t\t\t\t<img decoding=\"async\" width=\"1024\" height=\"768\" src=\"https:\/\/mrivedroite.com\/wp-content\/uploads\/2025\/06\/image00018-1024x768.jpeg\" class=\"attachment-large size-large wp-image-2476\" alt=\"\" srcset=\"https:\/\/mrivedroite.com\/wp-content\/uploads\/2025\/06\/image00018-1024x768.jpeg 1024w, https:\/\/mrivedroite.com\/wp-content\/uploads\/2025\/06\/image00018-300x225.jpeg 300w, https:\/\/mrivedroite.com\/wp-content\/uploads\/2025\/06\/image00018-768x576.jpeg 768w, https:\/\/mrivedroite.com\/wp-content\/uploads\/2025\/06\/image00018-1536x1152.jpeg 1536w, https:\/\/mrivedroite.com\/wp-content\/uploads\/2025\/06\/image00018-2048x1536.jpeg 2048w, https:\/\/mrivedroite.com\/wp-content\/uploads\/2025\/06\/image00018-1920x1440.jpeg 1920w, https:\/\/mrivedroite.com\/wp-content\/uploads\/2025\/06\/image00018-1440x1080.jpeg 1440w, https:\/\/mrivedroite.com\/wp-content\/uploads\/2025\/06\/image00018-1200x900.jpeg 1200w, https:\/\/mrivedroite.com\/wp-content\/uploads\/2025\/06\/image00018-780x585.jpeg 780w, https:\/\/mrivedroite.com\/wp-content\/uploads\/2025\/06\/image00018-600x450.jpeg 600w, https:\/\/mrivedroite.com\/wp-content\/uploads\/2025\/06\/image00018-550x413.jpeg 550w, https:\/\/mrivedroite.com\/wp-content\/uploads\/2025\/06\/image00018-370x278.jpeg 370w, https:\/\/mrivedroite.com\/wp-content\/uploads\/2025\/06\/image00018-255x191.jpeg 255w\" sizes=\"(max-width: 1024px) 100vw, 1024px\" \/>\t\t\t\t\t\t\t\t\t\t\t\t\t\t\t<\/div>\n\t\t\t\t<\/div>\n\t\t\t\t\t<\/div>\n\t\t<\/div>\n\t\t\t\t\t<\/div>\n\t\t<\/section>\n\t\t\t\t<section class=\"elementor-section elementor-top-section elementor-element elementor-element-aaa5b83 cs-section-content-fullwidth elementor-section-content-middle elementor-section-boxed elementor-section-height-default elementor-section-height-default\" data-id=\"aaa5b83\" data-element_type=\"section\" data-e-type=\"section\" data-settings=\"{&quot;background_background&quot;:&quot;classic&quot;}\">\n\t\t\t\t\t\t<div class=\"elementor-container elementor-column-gap-no\">\n\t\t\t\t\t<div class=\"elementor-column elementor-col-50 elementor-top-column elementor-element elementor-element-963c6f1\" data-id=\"963c6f1\" data-element_type=\"column\" data-e-type=\"column\" data-settings=\"{&quot;background_background&quot;:&quot;classic&quot;}\">\n\t\t\t<div class=\"elementor-widget-wrap elementor-element-populated\">\n\t\t\t\t\t\t<div class=\"elementor-element elementor-element-de20620 elementor-widget elementor-widget-image\" data-id=\"de20620\" data-element_type=\"widget\" data-e-type=\"widget\" data-widget_type=\"image.default\">\n\t\t\t\t<div class=\"elementor-widget-container\">\n\t\t\t\t\t\t\t\t\t\t\t\t\t\t\t<img decoding=\"async\" width=\"1280\" height=\"720\" src=\"https:\/\/mrivedroite.com\/wp-content\/uploads\/2025\/06\/Nouveau-projet-2.png\" class=\"attachment-full size-full wp-image-2606\" alt=\"\" srcset=\"https:\/\/mrivedroite.com\/wp-content\/uploads\/2025\/06\/Nouveau-projet-2.png 1280w, https:\/\/mrivedroite.com\/wp-content\/uploads\/2025\/06\/Nouveau-projet-2-300x169.png 300w, https:\/\/mrivedroite.com\/wp-content\/uploads\/2025\/06\/Nouveau-projet-2-1024x576.png 1024w, https:\/\/mrivedroite.com\/wp-content\/uploads\/2025\/06\/Nouveau-projet-2-768x432.png 768w, https:\/\/mrivedroite.com\/wp-content\/uploads\/2025\/06\/Nouveau-projet-2-1200x675.png 1200w, https:\/\/mrivedroite.com\/wp-content\/uploads\/2025\/06\/Nouveau-projet-2-780x439.png 780w, https:\/\/mrivedroite.com\/wp-content\/uploads\/2025\/06\/Nouveau-projet-2-600x338.png 600w, https:\/\/mrivedroite.com\/wp-content\/uploads\/2025\/06\/Nouveau-projet-2-550x309.png 550w, https:\/\/mrivedroite.com\/wp-content\/uploads\/2025\/06\/Nouveau-projet-2-370x208.png 370w, https:\/\/mrivedroite.com\/wp-content\/uploads\/2025\/06\/Nouveau-projet-2-255x143.png 255w\" sizes=\"(max-width: 1280px) 100vw, 1280px\" \/>\t\t\t\t\t\t\t\t\t\t\t\t\t\t\t<\/div>\n\t\t\t\t<\/div>\n\t\t\t\t\t<\/div>\n\t\t<\/div>\n\t\t\t\t<div class=\"elementor-column elementor-col-50 elementor-top-column elementor-element elementor-element-43821cd\" data-id=\"43821cd\" data-element_type=\"column\" data-e-type=\"column\">\n\t\t\t<div class=\"elementor-widget-wrap elementor-element-populated\">\n\t\t\t\t\t\t<div class=\"elementor-element elementor-element-4342517 elementor-widget elementor-widget-cs_title\" data-id=\"4342517\" data-element_type=\"widget\" data-e-type=\"widget\" data-widget_type=\"cs_title.default\">\n\t\t\t\t<div class=\"elementor-widget-container\">\n\t\t\t\t\t\n        <div class=\"cs-title-wrap\">\t            <h3 class=\"cs-title color-primary\">\n\t                THE RIVE DROITE ART OF LIVING\n\t            <\/h3>\t            <div class=\"cs-title-text\">\n\t                <div dir=\"auto\" data-olk-copy-source=\"MessageBody\">In the heart of a soothing setting, Maison Rive Droite offers a rich variety of experiences to enjoy to the fullest.<\/div><div dir=\"auto\">Between relaxation, enjoyment, and discovery, each moment becomes an experience of pure fulfillment \u2014 a time to reconnect with yourself, as a couple, or with family, in an atmosphere of harmony and well-being.<\/div><div dir=\"auto\">A true art of living, the Maison invites each guest to reconnect with the essential and fully savor the present moment.<\/div>\t            <\/div>                <div class=\"cs-title-btn\">\n                    <a class=\"button elementor-button-link cs-btn-outline cs-btn-small\" role=\"button\" href=\"#\">\n                        <span class=\"cs-btn-text\">Discover<\/span>                    <\/a>\n                <\/div>\n                    <\/div>\t\t\t\t<\/div>\n\t\t\t\t<\/div>\n\t\t\t\t\t<\/div>\n\t\t<\/div>\n\t\t\t\t\t<\/div>\n\t\t<\/section>\n\t\t\t\t<section class=\"elementor-section elementor-top-section elementor-element elementor-element-78a3a8aa elementor-section-full_width elementor-section-height-default elementor-section-height-default\" data-id=\"78a3a8aa\" data-element_type=\"section\" data-e-type=\"section\">\n\t\t\t\t\t\t<div class=\"elementor-container elementor-column-gap-no\">\n\t\t\t\t\t<div class=\"elementor-column elementor-col-100 elementor-top-column elementor-element elementor-element-72a51ecd\" data-id=\"72a51ecd\" data-element_type=\"column\" data-e-type=\"column\">\n\t\t\t<div class=\"elementor-widget-wrap elementor-element-populated\">\n\t\t\t\t\t\t<div class=\"elementor-element elementor-element-7dfe8398 elementor-widget elementor-widget-html\" data-id=\"7dfe8398\" data-element_type=\"widget\" data-e-type=\"widget\" data-widget_type=\"html.default\">\n\t\t\t\t<div class=\"elementor-widget-container\">\n\t\t\t\t\t\n\n<iframe src=\"https:\/\/www.google.com\/maps\/embed?pb=!1m13!1m8!1m3!1d44783.637416179445!2d-7.849977123472075!3d31.5125484376042!3m2!1i1024!2i768!4f13.1!3m2!1m1!2zMzHCsDMwJzU1LjciTiA3wrA0OScxMS4yIlc!5e0!3m2!1sfr!2sma!4v1761752078486!5m2!1sfr!2sma\" width=\"1600\" height=\"300\"  style=\"border:0;\" allowfullscreen=\"\" loading=\"lazy\" referrerpolicy=\"no-referrer-when-downgrade\"><\/iframe>\t\t\t\t<\/div>\n\t\t\t\t<\/div>\n\t\t\t\t\t<\/div>\n\t\t<\/div>\n\t\t\t\t\t<\/div>\n\t\t<\/section>\n\t\t\t\t<\/div>","protected":false},"excerpt":{"rendered":"<p>Bienvenue \u00e0 Maison Rive Droite LA O\u00d9 LE CALME DEVIENT LUXE \u00c0 seulement 15 kilom\u00e8tres de Marrakech, face aux sommets majestueux de l\u2019Atlas, s\u2019ouvre un lieu exclusif o\u00f9 la nature rencontre l\u2019\u00e9l\u00e9gance. Ici, le calme et l\u2019harmonie ne sont pas seulement un d\u00e9cor, mais une v\u00e9ritable exp\u00e9rience de lifestyle. Plus qu\u2019un s\u00e9jour, nous offrons une &#8230;<\/p>","protected":false},"author":1,"featured_media":0,"parent":0,"menu_order":0,"comment_status":"closed","ping_status":"closed","template":"template-wide-content.php","meta":{"cozystay_single_page_hide_site_header":"","cozystay_single_page_site_header_source":"","cozystay_single_page_custom_site_header":"0","cozystay_single_page_custom_sticky_site_header":"0","cozystay_single_page_hide_page_title":"on","cozystay_single_page_header_section_size":"","cozystay_single_page_header_background_color":"","cozystay_single_page_header_background_position_x":"center","cozystay_single_page_header_background_position_y":"center","cozystay_single_page_header_background_size":"cover","cozystay_single_page_header_background_repeat":"off","cozystay_single_page_header_background_scroll":"on","cozystay_single_page_header_text_color":"","cozystay_single_page_header_show_breadcrumb":"","cozystay_single_page_site_footer_hide_main":"","cozystay_single_custom_site_footer_main_source":"","cozystay_single_custom_site_footer_main":"0","cozystay_single_page_site_footer_hide_above":"","cozystay_single_custom_site_footer_above_source":"","cozystay_single_custom_site_footer_above":"0","cozystay_single_page_site_footer_hide_instagram":"","cozystay_single_page_site_footer_hide_bottom":"","cozystay_single_custom_mobile_menu_source":"","cozystay_single_custom_mobile_menu":"0","cozystay_single_custom_mobile_menu_animation":"","cozystay_single_custom_mobile_menu_width":"","cozystay_single_custom_mobile_menu_custom_width":375,"footnotes":""},"class_list":["post-150","page","type-page","status-publish","hentry"],"_links":{"self":[{"href":"https:\/\/mrivedroite.com\/en\/wp-json\/wp\/v2\/pages\/150","targetHints":{"allow":["GET"]}}],"collection":[{"href":"https:\/\/mrivedroite.com\/en\/wp-json\/wp\/v2\/pages"}],"about":[{"href":"https:\/\/mrivedroite.com\/en\/wp-json\/wp\/v2\/types\/page"}],"author":[{"embeddable":true,"href":"https:\/\/mrivedroite.com\/en\/wp-json\/wp\/v2\/users\/1"}],"replies":[{"embeddable":true,"href":"https:\/\/mrivedroite.com\/en\/wp-json\/wp\/v2\/comments?post=150"}],"version-history":[{"count":490,"href":"https:\/\/mrivedroite.com\/en\/wp-json\/wp\/v2\/pages\/150\/revisions"}],"predecessor-version":[{"id":3701,"href":"https:\/\/mrivedroite.com\/en\/wp-json\/wp\/v2\/pages\/150\/revisions\/3701"}],"wp:attachment":[{"href":"https:\/\/mrivedroite.com\/en\/wp-json\/wp\/v2\/media?parent=150"}],"curies":[{"name":"wp","href":"https:\/\/api.w.org\/{rel}","templated":true}]}}