{"id":180,"date":"2023-03-28T04:34:07","date_gmt":"2023-03-28T04:34:07","guid":{"rendered":"https:\/\/cozystay.loftocean.com\/apartment\/?page_id=180"},"modified":"2025-11-26T15:29:41","modified_gmt":"2025-11-26T15:29:41","slug":"about-the-hotel","status":"publish","type":"page","link":"https:\/\/mrivedroite.com\/en\/about-the-hotel\/","title":{"rendered":"About the hotel"},"content":{"rendered":"<div data-elementor-type=\"wp-page\" data-elementor-id=\"180\" class=\"elementor elementor-180\" data-elementor-post-type=\"page\">\n\t\t\t\t\t\t<section class=\"elementor-section elementor-top-section elementor-element elementor-element-38b8f755 elementor-section-height-min-height cs-section-content-fullwidth cs-parallax-on-scroll cs_scroll_y_100 elementor-section-boxed elementor-section-height-default elementor-section-items-middle\" data-id=\"38b8f755\" data-element_type=\"section\" data-e-type=\"section\" data-settings=\"{&quot;background_background&quot;:&quot;classic&quot;}\" data-cs-parallax-y=\"100\" style=\"background-image: none;\" data-cs-background-image=\"https:\/\/mrivedroite.com\/wp-content\/uploads\/2025\/06\/WhatsApp-Image-2025-06-26-a-14.30.21_ed7cd7f7.jpg\">\n\t\t\t\t\t\t\t<div class=\"elementor-background-overlay\"><\/div>\n\t\t\t\t\t\t\t<div class=\"elementor-container elementor-column-gap-no\">\n\t\t\t\t\t<div class=\"elementor-column elementor-col-100 elementor-top-column elementor-element elementor-element-3b5053b dark-color\" data-id=\"3b5053b\" data-element_type=\"column\" data-e-type=\"column\">\n\t\t\t<div class=\"elementor-widget-wrap elementor-element-populated\">\n\t\t\t\t\t\t<div class=\"elementor-element elementor-element-13233b53 elementor-widget elementor-widget-cs_title\" data-id=\"13233b53\" data-element_type=\"widget\" data-e-type=\"widget\" data-widget_type=\"cs_title.default\">\n\t\t\t\t<div class=\"elementor-widget-container\">\n\t\t\t\t\t\n        <div class=\"cs-title-wrap text-center\">\t            <h1 class=\"cs-title color-white\">\n\t                THE RESTAURANT \t            <\/h1>\t            <div class=\"cs-title-text\">\n\t                <p>FUSION MEANS CONFUSION<\/p>\t            <\/div>        <\/div>\t\t\t\t<\/div>\n\t\t\t\t<\/div>\n\t\t\t\t\t<\/div>\n\t\t<\/div>\n\t\t\t\t\t<\/div>\n\t\t<\/section>\n\t\t\t\t<section class=\"elementor-section elementor-top-section elementor-element elementor-element-73fed74 cs-section-content-fullwidth elementor-section-content-middle elementor-section-boxed elementor-section-height-default elementor-section-height-default\" data-id=\"73fed74\" data-element_type=\"section\" data-e-type=\"section\" data-settings=\"{&quot;background_background&quot;:&quot;classic&quot;}\">\n\t\t\t\t\t\t<div class=\"elementor-container elementor-column-gap-no\">\n\t\t\t\t\t<div class=\"elementor-column elementor-col-50 elementor-top-column elementor-element elementor-element-7846e27\" data-id=\"7846e27\" data-element_type=\"column\" data-e-type=\"column\">\n\t\t\t<div class=\"elementor-widget-wrap elementor-element-populated\">\n\t\t\t\t\t\t<div class=\"elementor-element elementor-element-5e4546a elementor-widget elementor-widget-image\" data-id=\"5e4546a\" data-element_type=\"widget\" data-e-type=\"widget\" data-widget_type=\"image.default\">\n\t\t\t\t<div class=\"elementor-widget-container\">\n\t\t\t\t\t\t\t\t\t\t\t\t\t\t\t<img fetchpriority=\"high\" decoding=\"async\" width=\"1024\" height=\"768\" src=\"https:\/\/mrivedroite.com\/wp-content\/uploads\/2025\/06\/WhatsApp-Image-2025-06-26-a-14.35.03_3f9dda60.jpg\" class=\"attachment-large size-large wp-image-2596\" alt=\"\" srcset=\"https:\/\/mrivedroite.com\/wp-content\/uploads\/2025\/06\/WhatsApp-Image-2025-06-26-a-14.35.03_3f9dda60.jpg 1024w, https:\/\/mrivedroite.com\/wp-content\/uploads\/2025\/06\/WhatsApp-Image-2025-06-26-a-14.35.03_3f9dda60-300x225.jpg 300w, https:\/\/mrivedroite.com\/wp-content\/uploads\/2025\/06\/WhatsApp-Image-2025-06-26-a-14.35.03_3f9dda60-768x576.jpg 768w, https:\/\/mrivedroite.com\/wp-content\/uploads\/2025\/06\/WhatsApp-Image-2025-06-26-a-14.35.03_3f9dda60-780x585.jpg 780w, https:\/\/mrivedroite.com\/wp-content\/uploads\/2025\/06\/WhatsApp-Image-2025-06-26-a-14.35.03_3f9dda60-600x450.jpg 600w, https:\/\/mrivedroite.com\/wp-content\/uploads\/2025\/06\/WhatsApp-Image-2025-06-26-a-14.35.03_3f9dda60-550x413.jpg 550w, https:\/\/mrivedroite.com\/wp-content\/uploads\/2025\/06\/WhatsApp-Image-2025-06-26-a-14.35.03_3f9dda60-370x278.jpg 370w, https:\/\/mrivedroite.com\/wp-content\/uploads\/2025\/06\/WhatsApp-Image-2025-06-26-a-14.35.03_3f9dda60-255x191.jpg 255w\" sizes=\"(max-width: 1024px) 100vw, 1024px\" \/>\t\t\t\t\t\t\t\t\t\t\t\t\t\t\t<\/div>\n\t\t\t\t<\/div>\n\t\t\t\t\t<\/div>\n\t\t<\/div>\n\t\t\t\t<div class=\"elementor-column elementor-col-50 elementor-top-column elementor-element elementor-element-3e0b9e3\" data-id=\"3e0b9e3\" data-element_type=\"column\" data-e-type=\"column\">\n\t\t\t<div class=\"elementor-widget-wrap elementor-element-populated\">\n\t\t\t\t\t\t<div class=\"elementor-element elementor-element-619a4ee elementor-widget elementor-widget-text-editor\" data-id=\"619a4ee\" data-element_type=\"widget\" data-e-type=\"widget\" data-widget_type=\"text-editor.default\">\n\t\t\t\t<div class=\"elementor-widget-container\">\n\t\t\t\t\t\t\t\t\t<p>From morning to evening, every moment unfolds like a gourmet interlude. Breakfast begins gently, lunch is savored in a bright and refined setting, and the afternoon carries on with an Moroccan tea time revisited . At dinner, the veranda glows in candlelight, revealing an intimate and subdued atmosphere, true to the magic of Marrakech.<\/p><p>Une cuisine authentique et locale, des boissons fra\u00eeches, des cr\u00e9ations healthy, des vins et des douceurs. Le plaisir de profiter pleinement et de go\u00fbter au bonheur de l\u2019instant.<\/p>\t\t\t\t\t\t\t\t<\/div>\n\t\t\t\t<\/div>\n\t\t\t\t\t<\/div>\n\t\t<\/div>\n\t\t\t\t\t<\/div>\n\t\t<\/section>\n\t\t\t\t<section class=\"elementor-section elementor-top-section elementor-element elementor-element-ac0c693 cs-section-content-fullwidth elementor-section-content-middle elementor-section-boxed elementor-section-height-default elementor-section-height-default\" data-id=\"ac0c693\" data-element_type=\"section\" data-e-type=\"section\" data-settings=\"{&quot;background_background&quot;:&quot;classic&quot;}\">\n\t\t\t\t\t\t<div class=\"elementor-container elementor-column-gap-no\">\n\t\t\t\t\t<div class=\"elementor-column elementor-col-50 elementor-top-column elementor-element elementor-element-d41049d\" data-id=\"d41049d\" data-element_type=\"column\" data-e-type=\"column\" data-settings=\"{&quot;background_background&quot;:&quot;classic&quot;}\">\n\t\t\t<div class=\"elementor-widget-wrap elementor-element-populated\">\n\t\t\t\t\t\t<div class=\"elementor-element elementor-element-ed4bfd0 elementor-widget elementor-widget-text-editor\" data-id=\"ed4bfd0\" data-element_type=\"widget\" data-e-type=\"widget\" data-widget_type=\"text-editor.default\">\n\t\t\t\t<div class=\"elementor-widget-container\">\n\t\t\t\t\t\t\t\t\t<p>The cuisine at Maison Rive Droite is rooted in pure Moroccan tradition. It honors recipes passed down from generation to generation, celebrating the richness of local flavors and the generosity of seasonal ingredients. A true journey through time, it unfolds without any intention of reinvention, but with the elegance of refined simplicity for the greatest sophistication lies in mastering what is simple. To accompany these moments, a selection of wines is offered, allowing each guest the freedom to choose the pairing that suits them best.\u00a0<\/p>\t\t\t\t\t\t\t\t<\/div>\n\t\t\t\t<\/div>\n\t\t\t\t\t<\/div>\n\t\t<\/div>\n\t\t\t\t<div class=\"elementor-column elementor-col-50 elementor-top-column elementor-element elementor-element-b35e101\" data-id=\"b35e101\" data-element_type=\"column\" data-e-type=\"column\">\n\t\t\t<div class=\"elementor-widget-wrap elementor-element-populated\">\n\t\t\t\t\t\t<div class=\"elementor-element elementor-element-6a4e922 elementor-widget elementor-widget-image\" data-id=\"6a4e922\" data-element_type=\"widget\" data-e-type=\"widget\" data-widget_type=\"image.default\">\n\t\t\t\t<div class=\"elementor-widget-container\">\n\t\t\t\t\t\t\t\t\t\t\t\t\t\t\t<img fetchpriority=\"high\" decoding=\"async\" width=\"1024\" height=\"768\" src=\"https:\/\/mrivedroite.com\/wp-content\/uploads\/2025\/06\/WhatsApp-Image-2025-06-26-a-14.35.03_3f9dda60.jpg\" class=\"attachment-large size-large wp-image-2596\" alt=\"\" srcset=\"https:\/\/mrivedroite.com\/wp-content\/uploads\/2025\/06\/WhatsApp-Image-2025-06-26-a-14.35.03_3f9dda60.jpg 1024w, https:\/\/mrivedroite.com\/wp-content\/uploads\/2025\/06\/WhatsApp-Image-2025-06-26-a-14.35.03_3f9dda60-300x225.jpg 300w, https:\/\/mrivedroite.com\/wp-content\/uploads\/2025\/06\/WhatsApp-Image-2025-06-26-a-14.35.03_3f9dda60-768x576.jpg 768w, https:\/\/mrivedroite.com\/wp-content\/uploads\/2025\/06\/WhatsApp-Image-2025-06-26-a-14.35.03_3f9dda60-780x585.jpg 780w, https:\/\/mrivedroite.com\/wp-content\/uploads\/2025\/06\/WhatsApp-Image-2025-06-26-a-14.35.03_3f9dda60-600x450.jpg 600w, https:\/\/mrivedroite.com\/wp-content\/uploads\/2025\/06\/WhatsApp-Image-2025-06-26-a-14.35.03_3f9dda60-550x413.jpg 550w, https:\/\/mrivedroite.com\/wp-content\/uploads\/2025\/06\/WhatsApp-Image-2025-06-26-a-14.35.03_3f9dda60-370x278.jpg 370w, https:\/\/mrivedroite.com\/wp-content\/uploads\/2025\/06\/WhatsApp-Image-2025-06-26-a-14.35.03_3f9dda60-255x191.jpg 255w\" sizes=\"(max-width: 1024px) 100vw, 1024px\" \/>\t\t\t\t\t\t\t\t\t\t\t\t\t\t\t<\/div>\n\t\t\t\t<\/div>\n\t\t\t\t\t<\/div>\n\t\t<\/div>\n\t\t\t\t\t<\/div>\n\t\t<\/section>\n\t\t\t\t<\/div>","protected":false},"excerpt":{"rendered":"<p>LE RESTAURANT FUSION MEANS CONFUSION Du matin au soir, chaque instant se vit comme une parenth\u00e8se gourmande. Le petit-d\u00e9jeuner s\u2019ouvre en douceur, le d\u00e9jeuner se savoure dans un cadre lumineux et raffin\u00e9, et l\u2019apr\u00e8s-midi se prolonge autour d\u2019 une tea time \u00e0 la marocaine . Au d\u00eener, la v\u00e9randa s\u2019illumine \u00e0 la lueur des bougies &#8230;<\/p>","protected":false},"author":1,"featured_media":0,"parent":0,"menu_order":0,"comment_status":"closed","ping_status":"closed","template":"template-wide-content.php","meta":{"cozystay_single_page_hide_site_header":"","cozystay_single_page_site_header_source":"","cozystay_single_page_custom_site_header":"0","cozystay_single_page_custom_sticky_site_header":"0","cozystay_single_page_hide_page_title":"on","cozystay_single_page_header_section_size":"","cozystay_single_page_header_background_color":"","cozystay_single_page_header_background_position_x":"center","cozystay_single_page_header_background_position_y":"center","cozystay_single_page_header_background_size":"cover","cozystay_single_page_header_background_repeat":"off","cozystay_single_page_header_background_scroll":"on","cozystay_single_page_header_text_color":"","cozystay_single_page_header_show_breadcrumb":"","cozystay_single_page_site_footer_hide_main":"","cozystay_single_custom_site_footer_main_source":"","cozystay_single_custom_site_footer_main":"0","cozystay_single_page_site_footer_hide_above":"","cozystay_single_custom_site_footer_above_source":"","cozystay_single_custom_site_footer_above":"0","cozystay_single_page_site_footer_hide_instagram":"","cozystay_single_page_site_footer_hide_bottom":"","cozystay_single_custom_mobile_menu_source":"","cozystay_single_custom_mobile_menu":"0","cozystay_single_custom_mobile_menu_animation":"","cozystay_single_custom_mobile_menu_width":"","cozystay_single_custom_mobile_menu_custom_width":375,"footnotes":""},"class_list":["post-180","page","type-page","status-publish","hentry"],"_links":{"self":[{"href":"https:\/\/mrivedroite.com\/en\/wp-json\/wp\/v2\/pages\/180","targetHints":{"allow":["GET"]}}],"collection":[{"href":"https:\/\/mrivedroite.com\/en\/wp-json\/wp\/v2\/pages"}],"about":[{"href":"https:\/\/mrivedroite.com\/en\/wp-json\/wp\/v2\/types\/page"}],"author":[{"embeddable":true,"href":"https:\/\/mrivedroite.com\/en\/wp-json\/wp\/v2\/users\/1"}],"replies":[{"embeddable":true,"href":"https:\/\/mrivedroite.com\/en\/wp-json\/wp\/v2\/comments?post=180"}],"version-history":[{"count":130,"href":"https:\/\/mrivedroite.com\/en\/wp-json\/wp\/v2\/pages\/180\/revisions"}],"predecessor-version":[{"id":3777,"href":"https:\/\/mrivedroite.com\/en\/wp-json\/wp\/v2\/pages\/180\/revisions\/3777"}],"wp:attachment":[{"href":"https:\/\/mrivedroite.com\/en\/wp-json\/wp\/v2\/media?parent=180"}],"curies":[{"name":"wp","href":"https:\/\/api.w.org\/{rel}","templated":true}]}}