{"id":212,"date":"2023-03-28T04:35:49","date_gmt":"2023-03-28T04:35:49","guid":{"rendered":"https:\/\/cozystay.loftocean.com\/apartment\/?page_id=212"},"modified":"2025-11-26T16:01:26","modified_gmt":"2025-11-26T16:01:26","slug":"amenities-services","status":"publish","type":"page","link":"https:\/\/mrivedroite.com\/en\/amenities-services\/","title":{"rendered":"Amenities &#038; Services"},"content":{"rendered":"<div data-elementor-type=\"wp-page\" data-elementor-id=\"212\" class=\"elementor elementor-212\" data-elementor-post-type=\"page\">\n\t\t\t\t\t\t<section class=\"elementor-section elementor-top-section elementor-element elementor-element-3c8a03a7 elementor-section-height-min-height cs-section-content-fullwidth cs-parallax-on-scroll cs_scroll_y_80 elementor-section-boxed elementor-section-height-default elementor-section-items-middle\" data-id=\"3c8a03a7\" data-element_type=\"section\" data-e-type=\"section\" data-settings=\"{&quot;background_background&quot;:&quot;classic&quot;}\" data-cs-parallax-y=\"80\" style=\"background-image: none;\" data-cs-background-image=\"https:\/\/mrivedroite.com\/wp-content\/uploads\/2025\/06\/WhatsApp-Image-2025-06-26-a-14.35.03_2b50de0d.jpg\">\n\t\t\t\t\t\t\t<div class=\"elementor-background-overlay\"><\/div>\n\t\t\t\t\t\t\t<div class=\"elementor-container elementor-column-gap-no\">\n\t\t\t\t\t<div class=\"elementor-column elementor-col-100 elementor-top-column elementor-element elementor-element-2c1c04b9 dark-color\" data-id=\"2c1c04b9\" data-element_type=\"column\" data-e-type=\"column\">\n\t\t\t<div class=\"elementor-widget-wrap elementor-element-populated\">\n\t\t\t\t\t\t<div class=\"elementor-element elementor-element-74bad667 elementor-widget elementor-widget-cs_title\" data-id=\"74bad667\" data-element_type=\"widget\" data-e-type=\"widget\" data-widget_type=\"cs_title.default\">\n\t\t\t\t<div class=\"elementor-widget-container\">\n\t\t\t\t\t\n        <div class=\"cs-title-wrap text-center\">\t            <h1 class=\"cs-title\">\n\t                The Garden\t            <\/h1>\t            <div class=\"cs-title-text\">\n\t                <p><span data-olk-copy-source=\"MessageBody\">A lush green haven where every moment invites relaxation.<\/span><\/p>\t            <\/div>        <\/div>\t\t\t\t<\/div>\n\t\t\t\t<\/div>\n\t\t\t\t\t<\/div>\n\t\t<\/div>\n\t\t\t\t\t<\/div>\n\t\t<\/section>\n\t\t\t\t<section class=\"elementor-section elementor-top-section elementor-element elementor-element-45b4dd0 cs-section-content-fullwidth elementor-section-content-middle elementor-section-boxed elementor-section-height-default elementor-section-height-default\" data-id=\"45b4dd0\" data-element_type=\"section\" data-e-type=\"section\" data-settings=\"{&quot;background_background&quot;:&quot;classic&quot;}\">\n\t\t\t\t\t\t<div class=\"elementor-container elementor-column-gap-no\">\n\t\t\t\t\t<div class=\"elementor-column elementor-col-50 elementor-top-column elementor-element elementor-element-5f66e48\" data-id=\"5f66e48\" data-element_type=\"column\" data-e-type=\"column\">\n\t\t\t<div class=\"elementor-widget-wrap elementor-element-populated\">\n\t\t\t\t\t\t<div class=\"elementor-element elementor-element-bc4b4d4 elementor-widget elementor-widget-image\" data-id=\"bc4b4d4\" data-element_type=\"widget\" data-e-type=\"widget\" data-widget_type=\"image.default\">\n\t\t\t\t<div class=\"elementor-widget-container\">\n\t\t\t\t\t\t\t\t\t\t\t\t\t\t\t<img fetchpriority=\"high\" decoding=\"async\" width=\"1024\" height=\"768\" src=\"https:\/\/mrivedroite.com\/wp-content\/uploads\/2025\/06\/WhatsApp-Image-2025-06-26-a-14.35.03_3f9dda60.jpg\" class=\"attachment-large size-large wp-image-2596\" alt=\"\" srcset=\"https:\/\/mrivedroite.com\/wp-content\/uploads\/2025\/06\/WhatsApp-Image-2025-06-26-a-14.35.03_3f9dda60.jpg 1024w, https:\/\/mrivedroite.com\/wp-content\/uploads\/2025\/06\/WhatsApp-Image-2025-06-26-a-14.35.03_3f9dda60-300x225.jpg 300w, https:\/\/mrivedroite.com\/wp-content\/uploads\/2025\/06\/WhatsApp-Image-2025-06-26-a-14.35.03_3f9dda60-768x576.jpg 768w, https:\/\/mrivedroite.com\/wp-content\/uploads\/2025\/06\/WhatsApp-Image-2025-06-26-a-14.35.03_3f9dda60-780x585.jpg 780w, https:\/\/mrivedroite.com\/wp-content\/uploads\/2025\/06\/WhatsApp-Image-2025-06-26-a-14.35.03_3f9dda60-600x450.jpg 600w, https:\/\/mrivedroite.com\/wp-content\/uploads\/2025\/06\/WhatsApp-Image-2025-06-26-a-14.35.03_3f9dda60-550x413.jpg 550w, https:\/\/mrivedroite.com\/wp-content\/uploads\/2025\/06\/WhatsApp-Image-2025-06-26-a-14.35.03_3f9dda60-370x278.jpg 370w, https:\/\/mrivedroite.com\/wp-content\/uploads\/2025\/06\/WhatsApp-Image-2025-06-26-a-14.35.03_3f9dda60-255x191.jpg 255w\" sizes=\"(max-width: 1024px) 100vw, 1024px\" \/>\t\t\t\t\t\t\t\t\t\t\t\t\t\t\t<\/div>\n\t\t\t\t<\/div>\n\t\t\t\t\t<\/div>\n\t\t<\/div>\n\t\t\t\t<div class=\"elementor-column elementor-col-50 elementor-top-column elementor-element elementor-element-357c7da\" data-id=\"357c7da\" data-element_type=\"column\" data-e-type=\"column\">\n\t\t\t<div class=\"elementor-widget-wrap elementor-element-populated\">\n\t\t\t\t\t\t<div class=\"elementor-element elementor-element-b5ac3a7 elementor-widget elementor-widget-cs_title\" data-id=\"b5ac3a7\" data-element_type=\"widget\" data-e-type=\"widget\" data-widget_type=\"cs_title.default\">\n\t\t\t\t<div class=\"elementor-widget-container\">\n\t\t\t\t\t\n        <div class=\"cs-title-wrap\">\t            <div class=\"cs-title-text\">\n\t                <p>Across five hectares of greenery, the garden unfolds like a true oasis in the heart of nature. Majestic, slender palm trees shape the landscape with a graceful silhouette, while the open view stretches toward the Atlas Mountains, offering a sense of infinity and freedom. A lush, harmonious lawn forms a soft green carpet, inviting both leisurely walks and serene relaxation.<\/p>\t            <\/div>        <\/div>\t\t\t\t<\/div>\n\t\t\t\t<\/div>\n\t\t\t\t\t<\/div>\n\t\t<\/div>\n\t\t\t\t\t<\/div>\n\t\t<\/section>\n\t\t\t\t<section class=\"elementor-section elementor-top-section elementor-element elementor-element-77e7dc0 cs-section-content-fullwidth elementor-section-content-middle elementor-section-boxed elementor-section-height-default elementor-section-height-default\" data-id=\"77e7dc0\" data-element_type=\"section\" data-e-type=\"section\" data-settings=\"{&quot;background_background&quot;:&quot;classic&quot;}\">\n\t\t\t\t\t\t<div class=\"elementor-container elementor-column-gap-no\">\n\t\t\t\t\t<div class=\"elementor-column elementor-col-50 elementor-top-column elementor-element elementor-element-70598d1\" data-id=\"70598d1\" data-element_type=\"column\" data-e-type=\"column\" data-settings=\"{&quot;background_background&quot;:&quot;classic&quot;}\">\n\t\t\t<div class=\"elementor-widget-wrap elementor-element-populated\">\n\t\t\t\t\t\t<div class=\"elementor-element elementor-element-dae403d elementor-widget elementor-widget-cs_title\" data-id=\"dae403d\" data-element_type=\"widget\" data-e-type=\"widget\" data-widget_type=\"cs_title.default\">\n\t\t\t\t<div class=\"elementor-widget-container\">\n\t\t\t\t\t\n        <div class=\"cs-title-wrap\">\t            <div class=\"cs-title-text\">\n\t                <div dir=\"auto\" style=\"border: 0px; font-variant-numeric: inherit; font-variant-east-asian: inherit; font-variant-alternates: inherit; font-variant-position: inherit; font-variant-emoji: inherit; font-stretch: inherit; font-size: 12pt; line-height: inherit; font-family: Aptos, Aptos_MSFontService, -apple-system, Roboto, Arial, Helvetica, sans-serif; font-optical-sizing: inherit; font-size-adjust: inherit; font-kerning: inherit; font-feature-settings: inherit; font-variation-settings: inherit; margin: 0px; padding: 0px; vertical-align: baseline; text-align: start;\">To this are added magnificent century-old olive trees and generous orchards, offering shade and seasonal fruits, which reinforce the living and nurturing spirit of the estate. At dusk, guests can admire a splendid sunset, tinting the landscape with golden and rosy hues.<\/div>\t            <\/div>        <\/div>\t\t\t\t<\/div>\n\t\t\t\t<\/div>\n\t\t\t\t\t<\/div>\n\t\t<\/div>\n\t\t\t\t<div class=\"elementor-column elementor-col-50 elementor-top-column elementor-element elementor-element-55471a8\" data-id=\"55471a8\" data-element_type=\"column\" data-e-type=\"column\">\n\t\t\t<div class=\"elementor-widget-wrap elementor-element-populated\">\n\t\t\t\t\t\t<div class=\"elementor-element elementor-element-63cf68c elementor-widget elementor-widget-image\" data-id=\"63cf68c\" data-element_type=\"widget\" data-e-type=\"widget\" data-widget_type=\"image.default\">\n\t\t\t\t<div class=\"elementor-widget-container\">\n\t\t\t\t\t\t\t\t\t\t\t\t\t\t\t<img fetchpriority=\"high\" decoding=\"async\" width=\"1024\" height=\"768\" src=\"https:\/\/mrivedroite.com\/wp-content\/uploads\/2025\/06\/WhatsApp-Image-2025-06-26-a-14.35.03_3f9dda60.jpg\" class=\"attachment-large size-large wp-image-2596\" alt=\"\" srcset=\"https:\/\/mrivedroite.com\/wp-content\/uploads\/2025\/06\/WhatsApp-Image-2025-06-26-a-14.35.03_3f9dda60.jpg 1024w, https:\/\/mrivedroite.com\/wp-content\/uploads\/2025\/06\/WhatsApp-Image-2025-06-26-a-14.35.03_3f9dda60-300x225.jpg 300w, https:\/\/mrivedroite.com\/wp-content\/uploads\/2025\/06\/WhatsApp-Image-2025-06-26-a-14.35.03_3f9dda60-768x576.jpg 768w, https:\/\/mrivedroite.com\/wp-content\/uploads\/2025\/06\/WhatsApp-Image-2025-06-26-a-14.35.03_3f9dda60-780x585.jpg 780w, https:\/\/mrivedroite.com\/wp-content\/uploads\/2025\/06\/WhatsApp-Image-2025-06-26-a-14.35.03_3f9dda60-600x450.jpg 600w, https:\/\/mrivedroite.com\/wp-content\/uploads\/2025\/06\/WhatsApp-Image-2025-06-26-a-14.35.03_3f9dda60-550x413.jpg 550w, https:\/\/mrivedroite.com\/wp-content\/uploads\/2025\/06\/WhatsApp-Image-2025-06-26-a-14.35.03_3f9dda60-370x278.jpg 370w, https:\/\/mrivedroite.com\/wp-content\/uploads\/2025\/06\/WhatsApp-Image-2025-06-26-a-14.35.03_3f9dda60-255x191.jpg 255w\" sizes=\"(max-width: 1024px) 100vw, 1024px\" \/>\t\t\t\t\t\t\t\t\t\t\t\t\t\t\t<\/div>\n\t\t\t\t<\/div>\n\t\t\t\t\t<\/div>\n\t\t<\/div>\n\t\t\t\t\t<\/div>\n\t\t<\/section>\n\t\t\t\t<section class=\"elementor-section elementor-top-section elementor-element elementor-element-eeec50a cs-section-content-fullwidth elementor-section-content-middle elementor-section-boxed elementor-section-height-default elementor-section-height-default\" data-id=\"eeec50a\" data-element_type=\"section\" data-e-type=\"section\" data-settings=\"{&quot;background_background&quot;:&quot;classic&quot;}\">\n\t\t\t\t\t\t<div class=\"elementor-container elementor-column-gap-no\">\n\t\t\t\t\t<div class=\"elementor-column elementor-col-50 elementor-top-column elementor-element elementor-element-b2b057d\" data-id=\"b2b057d\" data-element_type=\"column\" data-e-type=\"column\">\n\t\t\t<div class=\"elementor-widget-wrap elementor-element-populated\">\n\t\t\t\t\t\t<div class=\"elementor-element elementor-element-6be1778 elementor-widget elementor-widget-image\" data-id=\"6be1778\" data-element_type=\"widget\" data-e-type=\"widget\" data-widget_type=\"image.default\">\n\t\t\t\t<div class=\"elementor-widget-container\">\n\t\t\t\t\t\t\t\t\t\t\t\t\t\t\t<img fetchpriority=\"high\" decoding=\"async\" width=\"1024\" height=\"768\" src=\"https:\/\/mrivedroite.com\/wp-content\/uploads\/2025\/06\/WhatsApp-Image-2025-06-26-a-14.35.03_3f9dda60.jpg\" class=\"attachment-large size-large wp-image-2596\" alt=\"\" srcset=\"https:\/\/mrivedroite.com\/wp-content\/uploads\/2025\/06\/WhatsApp-Image-2025-06-26-a-14.35.03_3f9dda60.jpg 1024w, https:\/\/mrivedroite.com\/wp-content\/uploads\/2025\/06\/WhatsApp-Image-2025-06-26-a-14.35.03_3f9dda60-300x225.jpg 300w, https:\/\/mrivedroite.com\/wp-content\/uploads\/2025\/06\/WhatsApp-Image-2025-06-26-a-14.35.03_3f9dda60-768x576.jpg 768w, https:\/\/mrivedroite.com\/wp-content\/uploads\/2025\/06\/WhatsApp-Image-2025-06-26-a-14.35.03_3f9dda60-780x585.jpg 780w, https:\/\/mrivedroite.com\/wp-content\/uploads\/2025\/06\/WhatsApp-Image-2025-06-26-a-14.35.03_3f9dda60-600x450.jpg 600w, https:\/\/mrivedroite.com\/wp-content\/uploads\/2025\/06\/WhatsApp-Image-2025-06-26-a-14.35.03_3f9dda60-550x413.jpg 550w, https:\/\/mrivedroite.com\/wp-content\/uploads\/2025\/06\/WhatsApp-Image-2025-06-26-a-14.35.03_3f9dda60-370x278.jpg 370w, https:\/\/mrivedroite.com\/wp-content\/uploads\/2025\/06\/WhatsApp-Image-2025-06-26-a-14.35.03_3f9dda60-255x191.jpg 255w\" sizes=\"(max-width: 1024px) 100vw, 1024px\" \/>\t\t\t\t\t\t\t\t\t\t\t\t\t\t\t<\/div>\n\t\t\t\t<\/div>\n\t\t\t\t\t<\/div>\n\t\t<\/div>\n\t\t\t\t<div class=\"elementor-column elementor-col-50 elementor-top-column elementor-element elementor-element-ffdd2a3\" data-id=\"ffdd2a3\" data-element_type=\"column\" data-e-type=\"column\">\n\t\t\t<div class=\"elementor-widget-wrap elementor-element-populated\">\n\t\t\t\t\t\t<div class=\"elementor-element elementor-element-55b1001 elementor-widget elementor-widget-cs_title\" data-id=\"55b1001\" data-element_type=\"widget\" data-e-type=\"widget\" data-widget_type=\"cs_title.default\">\n\t\t\t\t<div class=\"elementor-widget-container\">\n\t\t\t\t\t\n        <div class=\"cs-title-wrap\">\t            <div class=\"cs-title-text\">\n\t                <div dir=\"auto\" style=\"border: 0px; font-variant-numeric: inherit; font-variant-east-asian: inherit; font-variant-alternates: inherit; font-variant-position: inherit; font-variant-emoji: inherit; font-stretch: inherit; font-size: 12pt; line-height: inherit; font-family: Aptos, Aptos_MSFontService, -apple-system, Roboto, Arial, Helvetica, sans-serif; font-optical-sizing: inherit; font-size-adjust: inherit; font-kerning: inherit; font-feature-settings: inherit; font-variation-settings: inherit; margin: 0px; padding: 0px; vertical-align: baseline; text-align: start;\"><div dir=\"auto\" style=\"border: 0px; font-variant-numeric: inherit; font-variant-east-asian: inherit; font-variant-alternates: inherit; font-variant-position: inherit; font-variant-emoji: inherit; font-stretch: inherit; font-size: 12pt; line-height: inherit; font-family: Aptos, Aptos_MSFontService, -apple-system, Roboto, Arial, Helvetica, sans-serif; font-optical-sizing: inherit; font-size-adjust: inherit; font-kerning: inherit; font-feature-settings: inherit; font-variation-settings: inherit; margin: 0px; padding: 0px; vertical-align: baseline; text-align: start;\">A generous vegetable garden completes the landscape, designed in a spirit of freshness and simplicity. Seasonal produce is grown here, enhancing the table and maintaining a natural connection between the art of living and the land.<\/div><div dir=\"auto\" style=\"border: 0px; font-variant-numeric: inherit; font-variant-east-asian: inherit; font-variant-alternates: inherit; font-variant-position: inherit; font-variant-emoji: inherit; font-stretch: inherit; font-size: 12pt; line-height: inherit; font-family: Aptos, Aptos_MSFontService, -apple-system, Roboto, Arial, Helvetica, sans-serif; font-optical-sizing: inherit; font-size-adjust: inherit; font-kerning: inherit; font-feature-settings: inherit; font-variation-settings: inherit; margin: 0px; padding: 0px; vertical-align: baseline; text-align: start;\">\u00a0<\/div><div dir=\"auto\" style=\"border: 0px; font-variant-numeric: inherit; font-variant-east-asian: inherit; font-variant-alternates: inherit; font-variant-position: inherit; font-variant-emoji: inherit; font-stretch: inherit; font-size: 12pt; line-height: inherit; font-family: Aptos, Aptos_MSFontService, -apple-system, Roboto, Arial, Helvetica, sans-serif; font-optical-sizing: inherit; font-size-adjust: inherit; font-kerning: inherit; font-feature-settings: inherit; font-variation-settings: inherit; margin-top: 0px; margin-right: 0px; margin-left: 0px; padding: 0px; vertical-align: baseline; text-align: start;\">Thus, this garden, both natural and thoughtfully landscaped, immerses guests in a unique atmosphere where calm, charm, and beauty come together.<\/div><\/div>\t            <\/div>        <\/div>\t\t\t\t<\/div>\n\t\t\t\t<\/div>\n\t\t\t\t\t<\/div>\n\t\t<\/div>\n\t\t\t\t\t<\/div>\n\t\t<\/section>\n\t\t\t\t<\/div>","protected":false},"excerpt":{"rendered":"<p>Le Jardin Un \u00e9crin de verdure o\u00f9 chaque instant invite \u00e0 la d\u00e9tente. Sur cinq hectares de verdure, le jardin s\u2019\u00e9tend tel une v\u00e9ritable oasis au c\u0153ur de la nature. De majestueux palmiers \u00e9lanc\u00e9s ponctuent l\u2019espace et composent une silhouette \u00e9l\u00e9gante, tandis que la vue, totalement d\u00e9gag\u00e9e, s\u2019ouvre sur les montagnes de l\u2019Atlas, offrant une &#8230;<\/p>","protected":false},"author":1,"featured_media":0,"parent":0,"menu_order":0,"comment_status":"closed","ping_status":"closed","template":"template-wide-content.php","meta":{"cozystay_single_page_hide_site_header":"","cozystay_single_page_site_header_source":"","cozystay_single_page_custom_site_header":"0","cozystay_single_page_custom_sticky_site_header":"0","cozystay_single_page_hide_page_title":"on","cozystay_single_page_header_section_size":"","cozystay_single_page_header_background_color":"","cozystay_single_page_header_background_position_x":"center","cozystay_single_page_header_background_position_y":"center","cozystay_single_page_header_background_size":"cover","cozystay_single_page_header_background_repeat":"off","cozystay_single_page_header_background_scroll":"on","cozystay_single_page_header_text_color":"","cozystay_single_page_header_show_breadcrumb":"","cozystay_single_page_site_footer_hide_main":"","cozystay_single_custom_site_footer_main_source":"","cozystay_single_custom_site_footer_main":"0","cozystay_single_page_site_footer_hide_above":"","cozystay_single_custom_site_footer_above_source":"","cozystay_single_custom_site_footer_above":"0","cozystay_single_page_site_footer_hide_instagram":"","cozystay_single_page_site_footer_hide_bottom":"","cozystay_single_custom_mobile_menu_source":"","cozystay_single_custom_mobile_menu":"0","cozystay_single_custom_mobile_menu_animation":"","cozystay_single_custom_mobile_menu_width":"","cozystay_single_custom_mobile_menu_custom_width":375,"footnotes":""},"class_list":["post-212","page","type-page","status-publish","hentry"],"_links":{"self":[{"href":"https:\/\/mrivedroite.com\/en\/wp-json\/wp\/v2\/pages\/212","targetHints":{"allow":["GET"]}}],"collection":[{"href":"https:\/\/mrivedroite.com\/en\/wp-json\/wp\/v2\/pages"}],"about":[{"href":"https:\/\/mrivedroite.com\/en\/wp-json\/wp\/v2\/types\/page"}],"author":[{"embeddable":true,"href":"https:\/\/mrivedroite.com\/en\/wp-json\/wp\/v2\/users\/1"}],"replies":[{"embeddable":true,"href":"https:\/\/mrivedroite.com\/en\/wp-json\/wp\/v2\/comments?post=212"}],"version-history":[{"count":73,"href":"https:\/\/mrivedroite.com\/en\/wp-json\/wp\/v2\/pages\/212\/revisions"}],"predecessor-version":[{"id":3781,"href":"https:\/\/mrivedroite.com\/en\/wp-json\/wp\/v2\/pages\/212\/revisions\/3781"}],"wp:attachment":[{"href":"https:\/\/mrivedroite.com\/en\/wp-json\/wp\/v2\/media?parent=212"}],"curies":[{"name":"wp","href":"https:\/\/api.w.org\/{rel}","templated":true}]}}