{"id":218,"date":"2023-03-28T04:36:38","date_gmt":"2023-03-28T04:36:38","guid":{"rendered":"https:\/\/cozystay.loftocean.com\/apartment\/?page_id=218"},"modified":"2025-11-26T16:02:53","modified_gmt":"2025-11-26T16:02:53","slug":"dining","status":"publish","type":"page","link":"https:\/\/mrivedroite.com\/en\/dining\/","title":{"rendered":"Dining"},"content":{"rendered":"<div data-elementor-type=\"wp-page\" data-elementor-id=\"218\" class=\"elementor elementor-218\" data-elementor-post-type=\"page\">\n\t\t\t\t\t\t<section class=\"elementor-section elementor-top-section elementor-element elementor-element-350e176f elementor-section-height-min-height cs-section-content-fullwidth cs-parallax-on-scroll cs_scroll_y_80 elementor-section-boxed elementor-section-height-default elementor-section-items-middle\" data-id=\"350e176f\" data-element_type=\"section\" data-e-type=\"section\" data-settings=\"{&quot;background_background&quot;:&quot;classic&quot;}\" data-cs-parallax-y=\"80\" style=\"background-image: none;\" data-cs-background-image=\"https:\/\/mrivedroite.com\/wp-content\/uploads\/2025\/06\/WhatsApp-Image-2025-06-26-a-14.35.03_b1a82f85.jpg\">\n\t\t\t\t\t\t\t<div class=\"elementor-background-overlay\"><\/div>\n\t\t\t\t\t\t\t<div class=\"elementor-container elementor-column-gap-no\">\n\t\t\t\t\t<div class=\"elementor-column elementor-col-100 elementor-top-column elementor-element elementor-element-3c8e027c dark-color\" data-id=\"3c8e027c\" data-element_type=\"column\" data-e-type=\"column\">\n\t\t\t<div class=\"elementor-widget-wrap elementor-element-populated\">\n\t\t\t\t\t\t<div class=\"elementor-element elementor-element-6f86cd9a elementor-widget elementor-widget-cs_title\" data-id=\"6f86cd9a\" data-element_type=\"widget\" data-e-type=\"widget\" data-widget_type=\"cs_title.default\">\n\t\t\t\t<div class=\"elementor-widget-container\">\n\t\t\t\t\t\n        <div class=\"cs-title-wrap text-center\">\t            <h1 class=\"cs-title\">\n\t                THE ART OF RECHARGING\t            <\/h1>\t            <div class=\"cs-title-text\">\n\t                <p><span style=\"font-family: Aptos, Aptos_MSFontService, -apple-system, Roboto, Arial, Helvetica, sans-serif; font-size: 12pt;\" data-olk-copy-source=\"MessageBody\">Under the gentle shade of the Atlas, an experience of absolute tranquility<\/span><\/p>\t            <\/div>        <\/div>\t\t\t\t<\/div>\n\t\t\t\t<\/div>\n\t\t\t\t\t<\/div>\n\t\t<\/div>\n\t\t\t\t\t<\/div>\n\t\t<\/section>\n\t\t\t\t<section class=\"elementor-section elementor-top-section elementor-element elementor-element-45e008 elementor-section-content-middle cs-section-content-fullwidth elementor-section-boxed elementor-section-height-default elementor-section-height-default\" data-id=\"45e008\" data-element_type=\"section\" data-e-type=\"section\">\n\t\t\t\t\t\t<div class=\"elementor-container elementor-column-gap-no\">\n\t\t\t\t\t<div class=\"elementor-column elementor-col-50 elementor-top-column elementor-element elementor-element-2b12a650\" data-id=\"2b12a650\" data-element_type=\"column\" data-e-type=\"column\">\n\t\t\t<div class=\"elementor-widget-wrap elementor-element-populated\">\n\t\t\t\t\t\t<div class=\"elementor-element elementor-element-c128f7f elementor-widget elementor-widget-cs_title\" data-id=\"c128f7f\" data-element_type=\"widget\" data-e-type=\"widget\" data-widget_type=\"cs_title.default\">\n\t\t\t\t<div class=\"elementor-widget-container\">\n\t\t\t\t\t\n        <div class=\"cs-title-wrap\">\t            <h3 class=\"cs-title color-primary\">\n\t                Hammam \t            <\/h3>\t            <div class=\"cs-title-text\">\n\t                <div dir=\"auto\" data-olk-copy-source=\"MessageBody\" class=\"translation-block\">The hammam at Maison Rive Droite offers a gentle warmth that relaxes the body and soothes the mind. Notes of eucalyptus, amber, and orange blossom envelop the senses.\nUpon stepping out, you feel lighter, rebalanced, with soft skin and a deep sense of calm.<\/div>\t            <\/div>        <\/div>\t\t\t\t<\/div>\n\t\t\t\t<\/div>\n\t\t\t\t\t<\/div>\n\t\t<\/div>\n\t\t\t\t<div class=\"elementor-column elementor-col-50 elementor-top-column elementor-element elementor-element-27c7a936\" data-id=\"27c7a936\" data-element_type=\"column\" data-e-type=\"column\">\n\t\t\t<div class=\"elementor-widget-wrap elementor-element-populated\">\n\t\t\t\t\t\t<div class=\"elementor-element elementor-element-fe71691 elementor-widget elementor-widget-image\" data-id=\"fe71691\" data-element_type=\"widget\" data-e-type=\"widget\" data-widget_type=\"image.default\">\n\t\t\t\t<div class=\"elementor-widget-container\">\n\t\t\t\t\t\t\t\t\t\t\t\t\t\t\t<img fetchpriority=\"high\" decoding=\"async\" width=\"1640\" height=\"856\" src=\"https:\/\/mrivedroite.com\/wp-content\/uploads\/2025\/06\/Nouveau-projet-1.png\" class=\"attachment-full size-full wp-image-2566\" alt=\"\" srcset=\"https:\/\/mrivedroite.com\/wp-content\/uploads\/2025\/06\/Nouveau-projet-1.png 1640w, https:\/\/mrivedroite.com\/wp-content\/uploads\/2025\/06\/Nouveau-projet-1-300x157.png 300w, https:\/\/mrivedroite.com\/wp-content\/uploads\/2025\/06\/Nouveau-projet-1-1024x534.png 1024w, https:\/\/mrivedroite.com\/wp-content\/uploads\/2025\/06\/Nouveau-projet-1-768x401.png 768w, https:\/\/mrivedroite.com\/wp-content\/uploads\/2025\/06\/Nouveau-projet-1-1536x802.png 1536w, https:\/\/mrivedroite.com\/wp-content\/uploads\/2025\/06\/Nouveau-projet-1-1440x752.png 1440w, https:\/\/mrivedroite.com\/wp-content\/uploads\/2025\/06\/Nouveau-projet-1-1200x626.png 1200w, https:\/\/mrivedroite.com\/wp-content\/uploads\/2025\/06\/Nouveau-projet-1-780x407.png 780w, https:\/\/mrivedroite.com\/wp-content\/uploads\/2025\/06\/Nouveau-projet-1-600x313.png 600w, https:\/\/mrivedroite.com\/wp-content\/uploads\/2025\/06\/Nouveau-projet-1-550x287.png 550w, https:\/\/mrivedroite.com\/wp-content\/uploads\/2025\/06\/Nouveau-projet-1-370x193.png 370w, https:\/\/mrivedroite.com\/wp-content\/uploads\/2025\/06\/Nouveau-projet-1-255x133.png 255w\" sizes=\"(max-width: 1640px) 100vw, 1640px\" \/>\t\t\t\t\t\t\t\t\t\t\t\t\t\t\t<\/div>\n\t\t\t\t<\/div>\n\t\t\t\t\t<\/div>\n\t\t<\/div>\n\t\t\t\t\t<\/div>\n\t\t<\/section>\n\t\t\t\t<section class=\"elementor-section elementor-top-section elementor-element elementor-element-8db51c0 elementor-section-content-middle cs-section-content-fullwidth elementor-section-boxed elementor-section-height-default elementor-section-height-default\" data-id=\"8db51c0\" data-element_type=\"section\" data-e-type=\"section\" data-settings=\"{&quot;background_background&quot;:&quot;classic&quot;}\">\n\t\t\t\t\t\t<div class=\"elementor-container elementor-column-gap-no\">\n\t\t\t\t\t<div class=\"elementor-column elementor-col-50 elementor-top-column elementor-element elementor-element-64d2f6a\" data-id=\"64d2f6a\" data-element_type=\"column\" data-e-type=\"column\">\n\t\t\t<div class=\"elementor-widget-wrap elementor-element-populated\">\n\t\t\t\t\t\t<div class=\"elementor-element elementor-element-c67ff15 elementor-widget elementor-widget-image\" data-id=\"c67ff15\" data-element_type=\"widget\" data-e-type=\"widget\" data-widget_type=\"image.default\">\n\t\t\t\t<div class=\"elementor-widget-container\">\n\t\t\t\t\t\t\t\t\t\t\t\t\t\t\t<img decoding=\"async\" width=\"1024\" height=\"768\" src=\"https:\/\/mrivedroite.com\/wp-content\/uploads\/2025\/06\/image00025-1024x768.jpeg\" class=\"attachment-large size-large wp-image-2485\" alt=\"\" srcset=\"https:\/\/mrivedroite.com\/wp-content\/uploads\/2025\/06\/image00025-1024x768.jpeg 1024w, https:\/\/mrivedroite.com\/wp-content\/uploads\/2025\/06\/image00025-300x225.jpeg 300w, https:\/\/mrivedroite.com\/wp-content\/uploads\/2025\/06\/image00025-768x576.jpeg 768w, https:\/\/mrivedroite.com\/wp-content\/uploads\/2025\/06\/image00025-1536x1152.jpeg 1536w, https:\/\/mrivedroite.com\/wp-content\/uploads\/2025\/06\/image00025-2048x1536.jpeg 2048w, https:\/\/mrivedroite.com\/wp-content\/uploads\/2025\/06\/image00025-1920x1440.jpeg 1920w, https:\/\/mrivedroite.com\/wp-content\/uploads\/2025\/06\/image00025-1440x1080.jpeg 1440w, https:\/\/mrivedroite.com\/wp-content\/uploads\/2025\/06\/image00025-1200x900.jpeg 1200w, https:\/\/mrivedroite.com\/wp-content\/uploads\/2025\/06\/image00025-780x585.jpeg 780w, https:\/\/mrivedroite.com\/wp-content\/uploads\/2025\/06\/image00025-600x450.jpeg 600w, https:\/\/mrivedroite.com\/wp-content\/uploads\/2025\/06\/image00025-550x413.jpeg 550w, https:\/\/mrivedroite.com\/wp-content\/uploads\/2025\/06\/image00025-370x278.jpeg 370w, https:\/\/mrivedroite.com\/wp-content\/uploads\/2025\/06\/image00025-255x191.jpeg 255w\" sizes=\"(max-width: 1024px) 100vw, 1024px\" \/>\t\t\t\t\t\t\t\t\t\t\t\t\t\t\t<\/div>\n\t\t\t\t<\/div>\n\t\t\t\t\t<\/div>\n\t\t<\/div>\n\t\t\t\t<div class=\"elementor-column elementor-col-50 elementor-top-column elementor-element elementor-element-487bb7d\" data-id=\"487bb7d\" data-element_type=\"column\" data-e-type=\"column\">\n\t\t\t<div class=\"elementor-widget-wrap elementor-element-populated\">\n\t\t\t\t\t\t<div class=\"elementor-element elementor-element-91d362a elementor-widget elementor-widget-cs_title\" data-id=\"91d362a\" data-element_type=\"widget\" data-e-type=\"widget\" data-widget_type=\"cs_title.default\">\n\t\t\t\t<div class=\"elementor-widget-container\">\n\t\t\t\t\t\n        <div class=\"cs-title-wrap text-left\">\t            <h3 class=\"cs-title\">\n\t                Massage\t            <\/h3>\t            <div class=\"cs-title-text color-white\">\n\t                <div dir=\"auto\" data-olk-copy-source=\"MessageBody\">After the hammam, the massage extends the relaxation: the body lets go, the mind unwinds, and the soothing, enveloping movements offer deep tranquility. In this unique setting, you emerge lighter, loosened, and fully recentred.<\/div>\t            <\/div>        <\/div>\t\t\t\t<\/div>\n\t\t\t\t<\/div>\n\t\t\t\t\t<\/div>\n\t\t<\/div>\n\t\t\t\t\t<\/div>\n\t\t<\/section>\n\t\t\t\t<section class=\"elementor-section elementor-top-section elementor-element elementor-element-5f0f05f elementor-section-content-middle cs-section-content-fullwidth elementor-section-boxed elementor-section-height-default elementor-section-height-default\" data-id=\"5f0f05f\" data-element_type=\"section\" data-e-type=\"section\">\n\t\t\t\t\t\t<div class=\"elementor-container elementor-column-gap-no\">\n\t\t\t\t\t<div class=\"elementor-column elementor-col-50 elementor-top-column elementor-element elementor-element-e0c3487\" data-id=\"e0c3487\" data-element_type=\"column\" data-e-type=\"column\">\n\t\t\t<div class=\"elementor-widget-wrap elementor-element-populated\">\n\t\t\t\t\t\t<div class=\"elementor-element elementor-element-a207bd7 elementor-widget elementor-widget-cs_title\" data-id=\"a207bd7\" data-element_type=\"widget\" data-e-type=\"widget\" data-widget_type=\"cs_title.default\">\n\t\t\t\t<div class=\"elementor-widget-container\">\n\t\t\t\t\t\n        <div class=\"cs-title-wrap\">\t            <h3 class=\"cs-title color-primary\">\n\t                WATER, LIGHT AND SILENCE\t            <\/h3>\t            <div class=\"cs-title-text\">\n\t                <div dir=\"auto\" data-olk-copy-source=\"MessageBody\">Under a ceiling dotted with stars, the heated indoor pool at Maison Rive Droite reveals a discreet and soothing sense of luxury.<\/div><div dir=\"auto\">Around the water, the mineral deck invites slowness and contemplation.<\/div><div dir=\"auto\">Each reflection dances across the walls, and each step gently echoes in the calm of the space.<\/div><div dir=\"auto\">\u00a0<\/div><div dir=\"auto\">Guests feel privileged to dive in and float in this rare space, where water, light, and silence come together in perfect harmony.<\/div><div dir=\"auto\">A unique place, designed to savor the precious moment.<\/div><div id=\"x_ms-outlook-mobile-body-separator-line\" dir=\"auto\" data-applydefaultfontstyles=\"true\"><div dir=\"auto\">\u00a0<\/div><\/div>\t            <\/div>        <\/div>\t\t\t\t<\/div>\n\t\t\t\t<\/div>\n\t\t\t\t\t<\/div>\n\t\t<\/div>\n\t\t\t\t<div class=\"elementor-column elementor-col-50 elementor-top-column elementor-element elementor-element-4546a9f\" data-id=\"4546a9f\" data-element_type=\"column\" data-e-type=\"column\">\n\t\t\t<div class=\"elementor-widget-wrap elementor-element-populated\">\n\t\t\t\t\t\t<div class=\"elementor-element elementor-element-5e2605c elementor-widget elementor-widget-image\" data-id=\"5e2605c\" data-element_type=\"widget\" data-e-type=\"widget\" data-widget_type=\"image.default\">\n\t\t\t\t<div class=\"elementor-widget-container\">\n\t\t\t\t\t\t\t\t\t\t\t\t\t\t\t<img decoding=\"async\" width=\"1024\" height=\"768\" src=\"https:\/\/mrivedroite.com\/wp-content\/uploads\/2025\/06\/image00025-1024x768.jpeg\" class=\"attachment-large size-large wp-image-2485\" alt=\"\" srcset=\"https:\/\/mrivedroite.com\/wp-content\/uploads\/2025\/06\/image00025-1024x768.jpeg 1024w, https:\/\/mrivedroite.com\/wp-content\/uploads\/2025\/06\/image00025-300x225.jpeg 300w, https:\/\/mrivedroite.com\/wp-content\/uploads\/2025\/06\/image00025-768x576.jpeg 768w, https:\/\/mrivedroite.com\/wp-content\/uploads\/2025\/06\/image00025-1536x1152.jpeg 1536w, https:\/\/mrivedroite.com\/wp-content\/uploads\/2025\/06\/image00025-2048x1536.jpeg 2048w, https:\/\/mrivedroite.com\/wp-content\/uploads\/2025\/06\/image00025-1920x1440.jpeg 1920w, https:\/\/mrivedroite.com\/wp-content\/uploads\/2025\/06\/image00025-1440x1080.jpeg 1440w, https:\/\/mrivedroite.com\/wp-content\/uploads\/2025\/06\/image00025-1200x900.jpeg 1200w, https:\/\/mrivedroite.com\/wp-content\/uploads\/2025\/06\/image00025-780x585.jpeg 780w, https:\/\/mrivedroite.com\/wp-content\/uploads\/2025\/06\/image00025-600x450.jpeg 600w, https:\/\/mrivedroite.com\/wp-content\/uploads\/2025\/06\/image00025-550x413.jpeg 550w, https:\/\/mrivedroite.com\/wp-content\/uploads\/2025\/06\/image00025-370x278.jpeg 370w, https:\/\/mrivedroite.com\/wp-content\/uploads\/2025\/06\/image00025-255x191.jpeg 255w\" sizes=\"(max-width: 1024px) 100vw, 1024px\" \/>\t\t\t\t\t\t\t\t\t\t\t\t\t\t\t<\/div>\n\t\t\t\t<\/div>\n\t\t\t\t\t<\/div>\n\t\t<\/div>\n\t\t\t\t\t<\/div>\n\t\t<\/section>\n\t\t\t\t<\/div>","protected":false},"excerpt":{"rendered":"<p>L&rsquo;ART DE SE RESSOURCER Sous la douceur de l\u2019Atlas, une exp\u00e9rience de qui\u00e9tude absolue. Hammam Le hammam de Maison Rive Droite offre une chaleur douce qui d\u00e9tend le corps et apaise l\u2019esprit. Les notes d\u2019eucalyptus, d\u2019ambre et de fleur d\u2019oranger enveloppent les sens.\u00c0 la sortie, on se sent plus l\u00e9ger, r\u00e9\u00e9quilibr\u00e9, la peau douce et &#8230;<\/p>","protected":false},"author":1,"featured_media":0,"parent":0,"menu_order":0,"comment_status":"closed","ping_status":"closed","template":"template-wide-content.php","meta":{"cozystay_single_page_hide_site_header":"","cozystay_single_page_site_header_source":"","cozystay_single_page_custom_site_header":"0","cozystay_single_page_custom_sticky_site_header":"0","cozystay_single_page_hide_page_title":"on","cozystay_single_page_header_section_size":"","cozystay_single_page_header_background_color":"","cozystay_single_page_header_background_position_x":"center","cozystay_single_page_header_background_position_y":"center","cozystay_single_page_header_background_size":"cover","cozystay_single_page_header_background_repeat":"off","cozystay_single_page_header_background_scroll":"on","cozystay_single_page_header_text_color":"","cozystay_single_page_header_show_breadcrumb":"","cozystay_single_page_site_footer_hide_main":"","cozystay_single_custom_site_footer_main_source":"","cozystay_single_custom_site_footer_main":"0","cozystay_single_page_site_footer_hide_above":"","cozystay_single_custom_site_footer_above_source":"","cozystay_single_custom_site_footer_above":"0","cozystay_single_page_site_footer_hide_instagram":"","cozystay_single_page_site_footer_hide_bottom":"","cozystay_single_custom_mobile_menu_source":"","cozystay_single_custom_mobile_menu":"0","cozystay_single_custom_mobile_menu_animation":"","cozystay_single_custom_mobile_menu_width":"","cozystay_single_custom_mobile_menu_custom_width":375,"footnotes":""},"class_list":["post-218","page","type-page","status-publish","hentry"],"_links":{"self":[{"href":"https:\/\/mrivedroite.com\/en\/wp-json\/wp\/v2\/pages\/218","targetHints":{"allow":["GET"]}}],"collection":[{"href":"https:\/\/mrivedroite.com\/en\/wp-json\/wp\/v2\/pages"}],"about":[{"href":"https:\/\/mrivedroite.com\/en\/wp-json\/wp\/v2\/types\/page"}],"author":[{"embeddable":true,"href":"https:\/\/mrivedroite.com\/en\/wp-json\/wp\/v2\/users\/1"}],"replies":[{"embeddable":true,"href":"https:\/\/mrivedroite.com\/en\/wp-json\/wp\/v2\/comments?post=218"}],"version-history":[{"count":139,"href":"https:\/\/mrivedroite.com\/en\/wp-json\/wp\/v2\/pages\/218\/revisions"}],"predecessor-version":[{"id":3787,"href":"https:\/\/mrivedroite.com\/en\/wp-json\/wp\/v2\/pages\/218\/revisions\/3787"}],"wp:attachment":[{"href":"https:\/\/mrivedroite.com\/en\/wp-json\/wp\/v2\/media?parent=218"}],"curies":[{"name":"wp","href":"https:\/\/api.w.org\/{rel}","templated":true}]}}