{"id":236,"date":"2023-03-28T04:38:03","date_gmt":"2023-03-28T04:38:03","guid":{"rendered":"https:\/\/cozystay.loftocean.com\/apartment\/?page_id=236"},"modified":"2025-11-26T15:25:03","modified_gmt":"2025-11-26T15:25:03","slug":"presentation","status":"publish","type":"page","link":"https:\/\/mrivedroite.com\/en\/presentation\/","title":{"rendered":"Presentation"},"content":{"rendered":"<div data-elementor-type=\"wp-page\" data-elementor-id=\"236\" class=\"elementor elementor-236\" data-elementor-post-type=\"page\">\n\t\t\t\t\t\t<section class=\"elementor-section elementor-top-section elementor-element elementor-element-83949b3 elementor-section-height-min-height cs-section-content-fullwidth cs_scroll_y_120 cs-parallax-on-scroll elementor-section-boxed elementor-section-height-default elementor-section-items-middle\" data-id=\"83949b3\" data-element_type=\"section\" data-e-type=\"section\" data-settings=\"{&quot;background_background&quot;:&quot;classic&quot;}\" data-cs-parallax-y=\"120\" style=\"background-image: none;\" data-cs-background-image=\"https:\/\/mrivedroite.com\/wp-content\/uploads\/2025\/10\/bg1.png\">\n\t\t\t\t\t\t\t<div class=\"elementor-background-overlay\"><\/div>\n\t\t\t\t\t\t\t<div class=\"elementor-container elementor-column-gap-no\">\n\t\t\t\t\t<div class=\"elementor-column elementor-col-100 elementor-top-column elementor-element elementor-element-f259771 dark-color\" data-id=\"f259771\" data-element_type=\"column\" data-e-type=\"column\">\n\t\t\t<div class=\"elementor-widget-wrap elementor-element-populated\">\n\t\t\t\t\t\t<div class=\"elementor-element elementor-element-ab5dcdb elementor-widget elementor-widget-cs_title\" data-id=\"ab5dcdb\" data-element_type=\"widget\" data-e-type=\"widget\" data-widget_type=\"cs_title.default\">\n\t\t\t\t<div class=\"elementor-widget-container\">\n\t\t\t\t\t\n        <div class=\"cs-title-wrap text-center\">\t            <div class=\"cs-subtitle-wrap\"><span class=\"cs-subtitle\">Welcome to Maison Rive Droite<br><\/span><\/div>\t            <h1 class=\"cs-title\">\n\t                Between mountains and nature, an exclusive haven of serenity and harmony.\t            <\/h1>\t            <div class=\"cs-title-text\">\n\t                <div dir=\"auto\" data-olk-copy-source=\"MessageBody\">Located close to Marrakech and not far from the Atlas Mountains, Maison Rive Droite is an intimate boutique hotel that combines discreet elegance, tranquility, and authenticity. Its refined architecture and light-filled spaces offer each guest an exclusive setting designed to preserve privacy and invite serenity.<\/div>\t            <\/div>        <\/div>\t\t\t\t<\/div>\n\t\t\t\t<\/div>\n\t\t\t\t\t<\/div>\n\t\t<\/div>\n\t\t\t\t\t<\/div>\n\t\t<\/section>\n\t\t\t\t<\/div>","protected":false},"excerpt":{"rendered":"<p>Bienvenue \u00e0 Maison Rive Droite Entre montagnes et nature, un havre exclusif de s\u00e9r\u00e9nit\u00e9 et d\u2019harmonie. Situ\u00e9e proche de Marrakech et non loin des montagnes de l\u2019Atlas, Maison Rive Droite est un boutique h\u00f4tel intime qui conjugue \u00e9l\u00e9gance discr\u00e8te, calme et authenticit\u00e9. Son architecture \u00e9pur\u00e9e et ses espaces baign\u00e9s de lumi\u00e8re offrent \u00e0 chaque h\u00f4te &#8230;<\/p>","protected":false},"author":1,"featured_media":0,"parent":0,"menu_order":0,"comment_status":"closed","ping_status":"closed","template":"template-wide-content.php","meta":{"cozystay_single_page_hide_site_header":"","cozystay_single_page_site_header_source":"","cozystay_single_page_custom_site_header":"0","cozystay_single_page_custom_sticky_site_header":"0","cozystay_single_page_hide_page_title":"on","cozystay_single_page_header_section_size":"","cozystay_single_page_header_background_color":"","cozystay_single_page_header_background_position_x":"center","cozystay_single_page_header_background_position_y":"center","cozystay_single_page_header_background_size":"cover","cozystay_single_page_header_background_repeat":"off","cozystay_single_page_header_background_scroll":"on","cozystay_single_page_header_text_color":"","cozystay_single_page_header_show_breadcrumb":"","cozystay_single_page_site_footer_hide_main":"","cozystay_single_custom_site_footer_main_source":"","cozystay_single_custom_site_footer_main":"0","cozystay_single_page_site_footer_hide_above":"","cozystay_single_custom_site_footer_above_source":"","cozystay_single_custom_site_footer_above":"0","cozystay_single_page_site_footer_hide_instagram":"","cozystay_single_page_site_footer_hide_bottom":"","cozystay_single_custom_mobile_menu_source":"","cozystay_single_custom_mobile_menu":"0","cozystay_single_custom_mobile_menu_animation":"","cozystay_single_custom_mobile_menu_width":"","cozystay_single_custom_mobile_menu_custom_width":375,"footnotes":""},"class_list":["post-236","page","type-page","status-publish","hentry"],"_links":{"self":[{"href":"https:\/\/mrivedroite.com\/en\/wp-json\/wp\/v2\/pages\/236","targetHints":{"allow":["GET"]}}],"collection":[{"href":"https:\/\/mrivedroite.com\/en\/wp-json\/wp\/v2\/pages"}],"about":[{"href":"https:\/\/mrivedroite.com\/en\/wp-json\/wp\/v2\/types\/page"}],"author":[{"embeddable":true,"href":"https:\/\/mrivedroite.com\/en\/wp-json\/wp\/v2\/users\/1"}],"replies":[{"embeddable":true,"href":"https:\/\/mrivedroite.com\/en\/wp-json\/wp\/v2\/comments?post=236"}],"version-history":[{"count":18,"href":"https:\/\/mrivedroite.com\/en\/wp-json\/wp\/v2\/pages\/236\/revisions"}],"predecessor-version":[{"id":3762,"href":"https:\/\/mrivedroite.com\/en\/wp-json\/wp\/v2\/pages\/236\/revisions\/3762"}],"wp:attachment":[{"href":"https:\/\/mrivedroite.com\/en\/wp-json\/wp\/v2\/media?parent=236"}],"curies":[{"name":"wp","href":"https:\/\/api.w.org\/{rel}","templated":true}]}}