{"id":2703,"date":"2025-07-03T15:09:02","date_gmt":"2025-07-03T15:09:02","guid":{"rendered":"https:\/\/mrivedroite.com\/?page_id=2703"},"modified":"2025-11-26T16:09:12","modified_gmt":"2025-11-26T16:09:12","slug":"evenements","status":"publish","type":"page","link":"https:\/\/mrivedroite.com\/en\/evenements\/","title":{"rendered":"Events"},"content":{"rendered":"<div data-elementor-type=\"wp-page\" data-elementor-id=\"2703\" class=\"elementor elementor-2703\" data-elementor-post-type=\"page\">\n\t\t\t\t\t\t<section class=\"elementor-section elementor-top-section elementor-element elementor-element-5c3df0d elementor-section-height-min-height cs-section-content-fullwidth cs-parallax-on-scroll cs_scroll_y_100 elementor-section-boxed elementor-section-height-default elementor-section-items-middle\" data-id=\"5c3df0d\" data-element_type=\"section\" data-e-type=\"section\" data-settings=\"{&quot;background_background&quot;:&quot;classic&quot;}\" data-cs-parallax-y=\"100\" style=\"background-image: none;\" data-cs-background-image=\"https:\/\/mrivedroite.com\/wp-content\/uploads\/2025\/06\/WhatsApp-Image-2025-06-26-a-14.30.21_ed7cd7f7.jpg\">\n\t\t\t\t\t\t\t<div class=\"elementor-background-overlay\"><\/div>\n\t\t\t\t\t\t\t<div class=\"elementor-container elementor-column-gap-no\">\n\t\t\t\t\t<div class=\"elementor-column elementor-col-100 elementor-top-column elementor-element elementor-element-eeb7c3e dark-color\" data-id=\"eeb7c3e\" data-element_type=\"column\" data-e-type=\"column\">\n\t\t\t<div class=\"elementor-widget-wrap elementor-element-populated\">\n\t\t\t\t\t\t<div class=\"elementor-element elementor-element-2e24813 elementor-widget elementor-widget-cs_title\" data-id=\"2e24813\" data-element_type=\"widget\" data-e-type=\"widget\" data-widget_type=\"cs_title.default\">\n\t\t\t\t<div class=\"elementor-widget-container\">\n\t\t\t\t\t\n        <div class=\"cs-title-wrap text-center\">\t            <h1 class=\"cs-title color-white\">\n\t                Events \t            <\/h1>\t            <div class=\"cs-title-text\">\n\t                <p>Your dreams become our mission.<\/p>\t            <\/div>        <\/div>\t\t\t\t<\/div>\n\t\t\t\t<\/div>\n\t\t\t\t\t<\/div>\n\t\t<\/div>\n\t\t\t\t\t<\/div>\n\t\t<\/section>\n\t\t<div class=\"elementor-element elementor-element-d5998ec e-flex e-con-boxed e-con e-parent\" data-id=\"d5998ec\" data-element_type=\"container\" data-e-type=\"container\">\n\t\t\t\t\t<div class=\"e-con-inner\">\n\t\t\t\t<div class=\"elementor-element elementor-element-4f3ec02 elementor-widget__width-initial elementor-widget elementor-widget-cs_title\" data-id=\"4f3ec02\" data-element_type=\"widget\" data-e-type=\"widget\" data-widget_type=\"cs_title.default\">\n\t\t\t\t<div class=\"elementor-widget-container\">\n\t\t\t\t\t\n        <div class=\"cs-title-wrap text-center\">\t            <div class=\"cs-subtitle-wrap\"><span class=\"cs-subtitle\">At Maison Rive Droite, the sky is the only limit.<\/span><\/div>\t            <div class=\"cs-title-text\">\n\t                <div dir=\"auto\" data-olk-copy-source=\"MessageBody\">At Maison Rive Droite, each moment is crafted to measure, with the same care as a work of art.<\/div><div dir=\"auto\">Between light and silence, between elegance and nature, the Maison becomes the setting for your most beautiful moments.<\/div><div dir=\"auto\">A marriage proposal in the wine lounge, by candlelight, or on the rooftop facing the Atlas Mountains; a surprise dinner in the winter garden, or a sunrise yoga retreat \u2014 here, every emotion finds its setting.<\/div><div dir=\"auto\">\u00a0<\/div><div dir=\"auto\">Nothing is standard; everything is feeling. Every detail resonates with the soul of the place to bring your most beautiful moments to life.<\/div><div dir=\"auto\">Our team imagines, creates, and orchestrates each experience with care and poetry, so that your wishes may become reality.<\/div><div dir=\"auto\">\u00a0<\/div>\t            <\/div>        <\/div>\t\t\t\t<\/div>\n\t\t\t\t<\/div>\n\t\t\t\t\t<\/div>\n\t\t\t\t<\/div>\n\t\t\t\t<section class=\"elementor-section elementor-top-section elementor-element elementor-element-6dc50339 cs-section-content-fullwidth elementor-section-boxed elementor-section-height-default elementor-section-height-default\" data-id=\"6dc50339\" data-element_type=\"section\" data-e-type=\"section\">\n\t\t\t\t\t\t<div class=\"elementor-container elementor-column-gap-no\">\n\t\t\t\t\t<div class=\"elementor-column elementor-col-33 elementor-top-column elementor-element elementor-element-13078e25\" data-id=\"13078e25\" data-element_type=\"column\" data-e-type=\"column\">\n\t\t\t<div class=\"elementor-widget-wrap elementor-element-populated\">\n\t\t\t\t\t\t<div class=\"elementor-element elementor-element-7efd1ae2 elementor-widget elementor-widget-cs_call_to_action\" data-id=\"7efd1ae2\" data-element_type=\"widget\" data-e-type=\"widget\" data-settings=\"{&quot;overlay_background&quot;:&quot;gradient&quot;}\" data-widget_type=\"cs_call_to_action.default\">\n\t\t\t\t<div class=\"elementor-widget-container\">\n\t\t\t\t\t\n\t\t<div class=\"cs-cta cta-layout-text-overlap content-bottom text-hover-to-show with-inner-border dark-color text-center cta-hover-img-zoom\">\n            <div class=\"cs-cta-wrap\">\t\t               \t<div class=\"cs-cta-img\">\n\t\t                    <img fetchpriority=\"high\" decoding=\"async\" width=\"800\" height=\"1136\" src=\"https:\/\/mrivedroite.com\/wp-content\/uploads\/2025\/07\/alice-pasqual-T7egpYgbSfY-unsplash.jpg\" class=\"attachment-full size-full wp-image-2708\" alt=\"\" srcset=\"https:\/\/mrivedroite.com\/wp-content\/uploads\/2025\/07\/alice-pasqual-T7egpYgbSfY-unsplash.jpg 800w, https:\/\/mrivedroite.com\/wp-content\/uploads\/2025\/07\/alice-pasqual-T7egpYgbSfY-unsplash-211x300.jpg 211w, https:\/\/mrivedroite.com\/wp-content\/uploads\/2025\/07\/alice-pasqual-T7egpYgbSfY-unsplash-721x1024.jpg 721w, https:\/\/mrivedroite.com\/wp-content\/uploads\/2025\/07\/alice-pasqual-T7egpYgbSfY-unsplash-768x1091.jpg 768w, https:\/\/mrivedroite.com\/wp-content\/uploads\/2025\/07\/alice-pasqual-T7egpYgbSfY-unsplash-780x1108.jpg 780w, https:\/\/mrivedroite.com\/wp-content\/uploads\/2025\/07\/alice-pasqual-T7egpYgbSfY-unsplash-600x852.jpg 600w, https:\/\/mrivedroite.com\/wp-content\/uploads\/2025\/07\/alice-pasqual-T7egpYgbSfY-unsplash-550x781.jpg 550w, https:\/\/mrivedroite.com\/wp-content\/uploads\/2025\/07\/alice-pasqual-T7egpYgbSfY-unsplash-370x525.jpg 370w, https:\/\/mrivedroite.com\/wp-content\/uploads\/2025\/07\/alice-pasqual-T7egpYgbSfY-unsplash-255x362.jpg 255w\" sizes=\"(max-width: 800px) 100vw, 800px\" \/>\t\t                <\/div>                <div class=\"cs-cta-overlay\"><\/div>\n                <div class=\"cs-cta-content\">\t\t\t\t\t<div class=\"cs-subtitle-wrap\"><span class=\"cs-subtitle color-white\">Reconnect differently \n<\/span><\/div>\t\t            <h6 class=\"cs-cta-title cs-title color-white\">\n\t\t                TEAM BUILDING \n\t\t            <\/h6>\t\t            <div class=\"cs-cta-text color-white\">\n\t\t                Organisez un moment d\u2019\u00e9quipe dans un cadre inspirant. Ateliers, randonn\u00e9es, repas partag\u00e9s : l\u2019espace id\u00e9al pour se ressourcer\u2026 ensemble.\t\t            <\/div>\t\t\t<\/div>                <a class=\"cs-cta-link\" href=\"#\"><\/a>            <\/div>\n        <\/div>\t\t\t\t<\/div>\n\t\t\t\t<\/div>\n\t\t\t\t\t<\/div>\n\t\t<\/div>\n\t\t\t\t<div class=\"elementor-column elementor-col-33 elementor-top-column elementor-element elementor-element-95605cf\" data-id=\"95605cf\" data-element_type=\"column\" data-e-type=\"column\">\n\t\t\t<div class=\"elementor-widget-wrap elementor-element-populated\">\n\t\t\t\t\t\t<div class=\"elementor-element elementor-element-4788d82f elementor-widget elementor-widget-cs_call_to_action\" data-id=\"4788d82f\" data-element_type=\"widget\" data-e-type=\"widget\" data-settings=\"{&quot;overlay_background&quot;:&quot;gradient&quot;}\" data-widget_type=\"cs_call_to_action.default\">\n\t\t\t\t<div class=\"elementor-widget-container\">\n\t\t\t\t\t\n\t\t<div class=\"cs-cta cta-layout-text-overlap content-bottom text-hover-to-show with-inner-border dark-color text-center cta-hover-img-zoom\">\n            <div class=\"cs-cta-wrap\">\t\t               \t<div class=\"cs-cta-img\">\n\t\t                    <img decoding=\"async\" width=\"800\" height=\"1136\" src=\"https:\/\/mrivedroite.com\/wp-content\/uploads\/2025\/07\/keith-tanner-rGvBeqb1kqg-unsplash.jpg\" class=\"attachment-full size-full wp-image-2709\" alt=\"\" srcset=\"https:\/\/mrivedroite.com\/wp-content\/uploads\/2025\/07\/keith-tanner-rGvBeqb1kqg-unsplash.jpg 800w, https:\/\/mrivedroite.com\/wp-content\/uploads\/2025\/07\/keith-tanner-rGvBeqb1kqg-unsplash-211x300.jpg 211w, https:\/\/mrivedroite.com\/wp-content\/uploads\/2025\/07\/keith-tanner-rGvBeqb1kqg-unsplash-721x1024.jpg 721w, https:\/\/mrivedroite.com\/wp-content\/uploads\/2025\/07\/keith-tanner-rGvBeqb1kqg-unsplash-768x1091.jpg 768w, https:\/\/mrivedroite.com\/wp-content\/uploads\/2025\/07\/keith-tanner-rGvBeqb1kqg-unsplash-780x1108.jpg 780w, https:\/\/mrivedroite.com\/wp-content\/uploads\/2025\/07\/keith-tanner-rGvBeqb1kqg-unsplash-600x852.jpg 600w, https:\/\/mrivedroite.com\/wp-content\/uploads\/2025\/07\/keith-tanner-rGvBeqb1kqg-unsplash-550x781.jpg 550w, https:\/\/mrivedroite.com\/wp-content\/uploads\/2025\/07\/keith-tanner-rGvBeqb1kqg-unsplash-370x525.jpg 370w, https:\/\/mrivedroite.com\/wp-content\/uploads\/2025\/07\/keith-tanner-rGvBeqb1kqg-unsplash-255x362.jpg 255w\" sizes=\"(max-width: 800px) 100vw, 800px\" \/>\t\t                <\/div>                <div class=\"cs-cta-overlay\"><\/div>\n                <div class=\"cs-cta-content\">\t\t\t\t\t<div class=\"cs-subtitle-wrap\"><span class=\"cs-subtitle color-white\">Celebrate in your own way \n<\/span><\/div>\t\t            <h6 class=\"cs-cta-title cs-title color-white\">\n\t\t                PRIVATE EVENTS \n\t\t            <\/h6>\t\t            <div class=\"cs-cta-text color-white\">\n\t\t                Birthdays, reunions, precious moments. We craft with you an exceptional experience, in complete intimacy.\t\t            <\/div>\t\t\t<\/div>                <a class=\"cs-cta-link\" href=\"#\"><\/a>            <\/div>\n        <\/div>\t\t\t\t<\/div>\n\t\t\t\t<\/div>\n\t\t\t\t\t<\/div>\n\t\t<\/div>\n\t\t\t\t<div class=\"elementor-column elementor-col-33 elementor-top-column elementor-element elementor-element-39fd901a\" data-id=\"39fd901a\" data-element_type=\"column\" data-e-type=\"column\">\n\t\t\t<div class=\"elementor-widget-wrap elementor-element-populated\">\n\t\t\t\t\t\t<div class=\"elementor-element elementor-element-1fd729f3 elementor-widget elementor-widget-cs_call_to_action\" data-id=\"1fd729f3\" data-element_type=\"widget\" data-e-type=\"widget\" data-settings=\"{&quot;overlay_background&quot;:&quot;gradient&quot;}\" data-widget_type=\"cs_call_to_action.default\">\n\t\t\t\t<div class=\"elementor-widget-container\">\n\t\t\t\t\t\n\t\t<div class=\"cs-cta cta-layout-text-overlap content-bottom text-hover-to-show with-inner-border dark-color text-center cta-hover-img-zoom\">\n            <div class=\"cs-cta-wrap\">\t\t               \t<div class=\"cs-cta-img\">\n\t\t                    <img decoding=\"async\" width=\"800\" height=\"1136\" src=\"https:\/\/mrivedroite.com\/wp-content\/uploads\/2025\/07\/lorena-samponi-JuAe7UZs68s-unsplash.jpg\" class=\"attachment-full size-full wp-image-2710\" alt=\"\" srcset=\"https:\/\/mrivedroite.com\/wp-content\/uploads\/2025\/07\/lorena-samponi-JuAe7UZs68s-unsplash.jpg 800w, https:\/\/mrivedroite.com\/wp-content\/uploads\/2025\/07\/lorena-samponi-JuAe7UZs68s-unsplash-211x300.jpg 211w, https:\/\/mrivedroite.com\/wp-content\/uploads\/2025\/07\/lorena-samponi-JuAe7UZs68s-unsplash-721x1024.jpg 721w, https:\/\/mrivedroite.com\/wp-content\/uploads\/2025\/07\/lorena-samponi-JuAe7UZs68s-unsplash-768x1091.jpg 768w, https:\/\/mrivedroite.com\/wp-content\/uploads\/2025\/07\/lorena-samponi-JuAe7UZs68s-unsplash-780x1108.jpg 780w, https:\/\/mrivedroite.com\/wp-content\/uploads\/2025\/07\/lorena-samponi-JuAe7UZs68s-unsplash-600x852.jpg 600w, https:\/\/mrivedroite.com\/wp-content\/uploads\/2025\/07\/lorena-samponi-JuAe7UZs68s-unsplash-550x781.jpg 550w, https:\/\/mrivedroite.com\/wp-content\/uploads\/2025\/07\/lorena-samponi-JuAe7UZs68s-unsplash-370x525.jpg 370w, https:\/\/mrivedroite.com\/wp-content\/uploads\/2025\/07\/lorena-samponi-JuAe7UZs68s-unsplash-255x362.jpg 255w\" sizes=\"(max-width: 800px) 100vw, 800px\" \/>\t\t                <\/div>                <div class=\"cs-cta-overlay\"><\/div>\n                <div class=\"cs-cta-content\">\t\t\t\t\t<div class=\"cs-subtitle-wrap\"><span class=\"cs-subtitle color-white\">The taste for the bespoke \n<\/span><\/div>\t\t            <h6 class=\"cs-cta-title cs-title color-white\">\n\t\t                GASTRONOMIC STAYS \n\t\t            <\/h6>\t\t            <div class=\"cs-cta-text color-white\">\n\t\t                A resident or guest chef. A meal designed just for you.\nUnder the stars, in the gardens, or by the pool \u2014 each dinner becomes a memory.\t\t            <\/div>\t\t\t<\/div>                <a class=\"cs-cta-link\" href=\"#\"><\/a>            <\/div>\n        <\/div>\t\t\t\t<\/div>\n\t\t\t\t<\/div>\n\t\t\t\t\t<\/div>\n\t\t<\/div>\n\t\t\t\t\t<\/div>\n\t\t<\/section>\n\t\t\t\t<section class=\"elementor-section elementor-top-section elementor-element elementor-element-43d961b cs-section-content-fullwidth elementor-section-boxed elementor-section-height-default elementor-section-height-default\" data-id=\"43d961b\" data-element_type=\"section\" data-e-type=\"section\">\n\t\t\t\t\t\t<div class=\"elementor-container elementor-column-gap-no\">\n\t\t\t\t\t<div class=\"elementor-column elementor-col-33 elementor-top-column elementor-element elementor-element-880023a\" data-id=\"880023a\" data-element_type=\"column\" data-e-type=\"column\">\n\t\t\t<div class=\"elementor-widget-wrap elementor-element-populated\">\n\t\t\t\t\t\t<div class=\"elementor-element elementor-element-4087091 elementor-widget elementor-widget-cs_call_to_action\" data-id=\"4087091\" data-element_type=\"widget\" data-e-type=\"widget\" data-settings=\"{&quot;overlay_background&quot;:&quot;gradient&quot;}\" data-widget_type=\"cs_call_to_action.default\">\n\t\t\t\t<div class=\"elementor-widget-container\">\n\t\t\t\t\t\n\t\t<div class=\"cs-cta cta-layout-text-overlap content-bottom text-hover-to-show with-inner-border dark-color text-center cta-hover-img-zoom\">\n            <div class=\"cs-cta-wrap\">\t\t               \t<div class=\"cs-cta-img\">\n\t\t                    <img fetchpriority=\"high\" decoding=\"async\" width=\"800\" height=\"1136\" src=\"https:\/\/mrivedroite.com\/wp-content\/uploads\/2025\/07\/alice-pasqual-T7egpYgbSfY-unsplash.jpg\" class=\"attachment-full size-full wp-image-2708\" alt=\"\" srcset=\"https:\/\/mrivedroite.com\/wp-content\/uploads\/2025\/07\/alice-pasqual-T7egpYgbSfY-unsplash.jpg 800w, https:\/\/mrivedroite.com\/wp-content\/uploads\/2025\/07\/alice-pasqual-T7egpYgbSfY-unsplash-211x300.jpg 211w, https:\/\/mrivedroite.com\/wp-content\/uploads\/2025\/07\/alice-pasqual-T7egpYgbSfY-unsplash-721x1024.jpg 721w, https:\/\/mrivedroite.com\/wp-content\/uploads\/2025\/07\/alice-pasqual-T7egpYgbSfY-unsplash-768x1091.jpg 768w, https:\/\/mrivedroite.com\/wp-content\/uploads\/2025\/07\/alice-pasqual-T7egpYgbSfY-unsplash-780x1108.jpg 780w, https:\/\/mrivedroite.com\/wp-content\/uploads\/2025\/07\/alice-pasqual-T7egpYgbSfY-unsplash-600x852.jpg 600w, https:\/\/mrivedroite.com\/wp-content\/uploads\/2025\/07\/alice-pasqual-T7egpYgbSfY-unsplash-550x781.jpg 550w, https:\/\/mrivedroite.com\/wp-content\/uploads\/2025\/07\/alice-pasqual-T7egpYgbSfY-unsplash-370x525.jpg 370w, https:\/\/mrivedroite.com\/wp-content\/uploads\/2025\/07\/alice-pasqual-T7egpYgbSfY-unsplash-255x362.jpg 255w\" sizes=\"(max-width: 800px) 100vw, 800px\" \/>\t\t                <\/div>                <div class=\"cs-cta-overlay\"><\/div>\n                <div class=\"cs-cta-content\">\t\t\t\t\t<div class=\"cs-subtitle-wrap\"><span class=\"cs-subtitle color-white\">The mind in motion, the body at rest \n<\/span><\/div>\t\t            <h6 class=\"cs-cta-title cs-title color-white\">\n\t\t                YOGA RETREAT \n\t\t            <\/h6>\t\t            <div class=\"cs-cta-text color-white\">\n\t\t                Une lumi\u00e8re douce, le silence, un cadre vivant. Nos retraites favorisent le recentrage, avec\n\u00e9l\u00e9gance et simplicit\u00e9.\t\t            <\/div>\t\t\t<\/div>                <a class=\"cs-cta-link\" href=\"#\"><\/a>            <\/div>\n        <\/div>\t\t\t\t<\/div>\n\t\t\t\t<\/div>\n\t\t\t\t\t<\/div>\n\t\t<\/div>\n\t\t\t\t<div class=\"elementor-column elementor-col-33 elementor-top-column elementor-element elementor-element-7657dda\" data-id=\"7657dda\" data-element_type=\"column\" data-e-type=\"column\">\n\t\t\t<div class=\"elementor-widget-wrap elementor-element-populated\">\n\t\t\t\t\t\t<div class=\"elementor-element elementor-element-ba25672 elementor-widget elementor-widget-cs_call_to_action\" data-id=\"ba25672\" data-element_type=\"widget\" data-e-type=\"widget\" data-settings=\"{&quot;overlay_background&quot;:&quot;gradient&quot;}\" data-widget_type=\"cs_call_to_action.default\">\n\t\t\t\t<div class=\"elementor-widget-container\">\n\t\t\t\t\t\n\t\t<div class=\"cs-cta cta-layout-text-overlap content-bottom text-hover-to-show with-inner-border dark-color text-center cta-hover-img-zoom\">\n            <div class=\"cs-cta-wrap\">\t\t               \t<div class=\"cs-cta-img\">\n\t\t                    <img loading=\"lazy\" decoding=\"async\" width=\"800\" height=\"1136\" src=\"https:\/\/mrivedroite.com\/wp-content\/uploads\/2025\/07\/image-57.png\" class=\"attachment-post-thumbnail size-post-thumbnail wp-image-3030\" alt=\"\" srcset=\"https:\/\/mrivedroite.com\/wp-content\/uploads\/2025\/07\/image-57.png 800w, https:\/\/mrivedroite.com\/wp-content\/uploads\/2025\/07\/image-57-211x300.png 211w, https:\/\/mrivedroite.com\/wp-content\/uploads\/2025\/07\/image-57-721x1024.png 721w, https:\/\/mrivedroite.com\/wp-content\/uploads\/2025\/07\/image-57-768x1091.png 768w, https:\/\/mrivedroite.com\/wp-content\/uploads\/2025\/07\/image-57-780x1108.png 780w, https:\/\/mrivedroite.com\/wp-content\/uploads\/2025\/07\/image-57-600x852.png 600w, https:\/\/mrivedroite.com\/wp-content\/uploads\/2025\/07\/image-57-550x781.png 550w, https:\/\/mrivedroite.com\/wp-content\/uploads\/2025\/07\/image-57-370x525.png 370w, https:\/\/mrivedroite.com\/wp-content\/uploads\/2025\/07\/image-57-255x362.png 255w\" sizes=\"(max-width: 800px) 100vw, 800px\" \/>\t\t                <\/div>                <div class=\"cs-cta-overlay\"><\/div>\n                <div class=\"cs-cta-content\">\t\t\t\t\t<div class=\"cs-subtitle-wrap\"><span class=\"cs-subtitle color-white\">The swing, the view, the moment \n<\/span><\/div>\t\t            <h6 class=\"cs-cta-title cs-title color-white\">\n\t\t                GOLF STAYS \n\t\t            <\/h6>\t\t            <div class=\"cs-cta-text color-white\">\n\t\t                Un practice derni\u00e8re g\u00e9n\u00e9ration, \u00e9quip\u00e9 de capteurs et de cam\u00e9ras.\nVotre swing est analys\u00e9 en direct, chaque mouvement affin\u00e9, chaque geste perfectionn\u00e9. Face aux montagnes,l\u2019exp\u00e9rience devient\u00a0 qu\u2019un sport : une immersion totale, visuelle et corporelle.\t\t            <\/div>\t\t\t<\/div>                <a class=\"cs-cta-link\" href=\"#\"><\/a>            <\/div>\n        <\/div>\t\t\t\t<\/div>\n\t\t\t\t<\/div>\n\t\t\t\t\t<\/div>\n\t\t<\/div>\n\t\t\t\t<div class=\"elementor-column elementor-col-33 elementor-top-column elementor-element elementor-element-4096cee\" data-id=\"4096cee\" data-element_type=\"column\" data-e-type=\"column\">\n\t\t\t<div class=\"elementor-widget-wrap\">\n\t\t\t\t\t\t\t<\/div>\n\t\t<\/div>\n\t\t\t\t\t<\/div>\n\t\t<\/section>\n\t\t\t\t<\/div>","protected":false},"excerpt":{"rendered":"<p>Ev\u00e9nements Vos r\u00eaves deviennent notre mission. \u00c0 Maison Rive Droite, the sky is the only limit. \u00c0 Maison Rive Droite, chaque instant se fa\u00e7onne sur mesure, avec le m\u00eame soin qu\u2019une \u0153uvre d\u2019art.Entre lumi\u00e8re et silence, entre \u00e9l\u00e9gance et nature, la Maison devient le d\u00e9cor de vos plus beaux instants.Une demande en mariage dans la &#8230;<\/p>","protected":false},"author":1,"featured_media":0,"parent":0,"menu_order":0,"comment_status":"closed","ping_status":"closed","template":"elementor_header_footer","meta":{"cozystay_single_page_hide_site_header":"","cozystay_single_page_site_header_source":"","cozystay_single_page_custom_site_header":"0","cozystay_single_page_custom_sticky_site_header":"0","cozystay_single_page_hide_page_title":"","cozystay_single_page_header_section_size":"","cozystay_single_page_header_background_color":"","cozystay_single_page_header_background_position_x":"center","cozystay_single_page_header_background_position_y":"center","cozystay_single_page_header_background_size":"cover","cozystay_single_page_header_background_repeat":"off","cozystay_single_page_header_background_scroll":"on","cozystay_single_page_header_text_color":"","cozystay_single_page_header_show_breadcrumb":"","cozystay_single_page_site_footer_hide_main":"","cozystay_single_custom_site_footer_main_source":"","cozystay_single_custom_site_footer_main":"0","cozystay_single_page_site_footer_hide_above":"","cozystay_single_custom_site_footer_above_source":"","cozystay_single_custom_site_footer_above":"0","cozystay_single_page_site_footer_hide_instagram":"","cozystay_single_page_site_footer_hide_bottom":"","cozystay_single_custom_mobile_menu_source":"","cozystay_single_custom_mobile_menu":"0","cozystay_single_custom_mobile_menu_animation":"","cozystay_single_custom_mobile_menu_width":"","cozystay_single_custom_mobile_menu_custom_width":375,"footnotes":""},"class_list":["post-2703","page","type-page","status-publish","hentry"],"_links":{"self":[{"href":"https:\/\/mrivedroite.com\/en\/wp-json\/wp\/v2\/pages\/2703","targetHints":{"allow":["GET"]}}],"collection":[{"href":"https:\/\/mrivedroite.com\/en\/wp-json\/wp\/v2\/pages"}],"about":[{"href":"https:\/\/mrivedroite.com\/en\/wp-json\/wp\/v2\/types\/page"}],"author":[{"embeddable":true,"href":"https:\/\/mrivedroite.com\/en\/wp-json\/wp\/v2\/users\/1"}],"replies":[{"embeddable":true,"href":"https:\/\/mrivedroite.com\/en\/wp-json\/wp\/v2\/comments?post=2703"}],"version-history":[{"count":67,"href":"https:\/\/mrivedroite.com\/en\/wp-json\/wp\/v2\/pages\/2703\/revisions"}],"predecessor-version":[{"id":3797,"href":"https:\/\/mrivedroite.com\/en\/wp-json\/wp\/v2\/pages\/2703\/revisions\/3797"}],"wp:attachment":[{"href":"https:\/\/mrivedroite.com\/en\/wp-json\/wp\/v2\/media?parent=2703"}],"curies":[{"name":"wp","href":"https:\/\/api.w.org\/{rel}","templated":true}]}}